{"id":525,"date":"2020-03-13T09:32:31","date_gmt":"2020-03-13T09:32:31","guid":{"rendered":"https:\/\/salute.vamtam.com\/?page_id=525"},"modified":"2023-08-23T15:23:42","modified_gmt":"2023-08-23T13:23:42","slug":"informazione-medica","status":"publish","type":"page","link":"https:\/\/specialistidelcuore.it\/de\/medizinische-informationen\/","title":{"rendered":"Medizinische Informationen"},"content":{"rendered":"<div data-elementor-type=\"wp-page\" data-elementor-id=\"525\" class=\"elementor elementor-525\" data-elementor-post-type=\"page\">\n\t\t\t\t\t\t<section class=\"elementor-section elementor-top-section elementor-element elementor-element-418327d elementor-section-boxed elementor-section-height-default elementor-section-height-default\" data-id=\"418327d\" data-element_type=\"section\" data-settings=\"{&quot;background_background&quot;:&quot;classic&quot;}\">\n\t\t\t\t\t\t<div class=\"elementor-container elementor-column-gap-default\">\n\t\t\t\t\t<div class=\"elementor-column elementor-col-100 elementor-top-column elementor-element elementor-element-ce3409d\" data-id=\"ce3409d\" data-element_type=\"column\">\n\t\t\t<div class=\"elementor-widget-wrap elementor-element-populated\">\n\t\t\t\t\t\t<div class=\"elementor-element elementor-element-ffbb6f2 elementor-widget elementor-widget-heading\" data-id=\"ffbb6f2\" data-element_type=\"widget\" data-widget_type=\"heading.default\">\n\t\t\t\t<div class=\"elementor-widget-container\">\n\t\t\t<style>\/*! elementor - v3.23.0 - 15-07-2024 *\/\n.elementor-heading-title{padding:0;margin:0;line-height:1}.elementor-widget-heading .elementor-heading-title[class*=elementor-size-]>a{color:inherit;font-size:inherit;line-height:inherit}.elementor-widget-heading .elementor-heading-title.elementor-size-small{font-size:15px}.elementor-widget-heading .elementor-heading-title.elementor-size-medium{font-size:19px}.elementor-widget-heading .elementor-heading-title.elementor-size-large{font-size:29px}.elementor-widget-heading .elementor-heading-title.elementor-size-xl{font-size:39px}.elementor-widget-heading .elementor-heading-title.elementor-size-xxl{font-size:59px}<\/style><h1 class=\"elementor-heading-title elementor-size-default\"><span style=\"color:#005e9e\">Um Sie auf dem Laufenden zu halten<\/span><\/h1>\t\t<\/div>\n\t\t\t\t<\/div>\n\t\t\t\t\t<\/div>\n\t\t<\/div>\n\t\t\t\t\t<\/div>\n\t\t<\/section>\n\t\t\t\t<section class=\"elementor-section elementor-top-section elementor-element elementor-element-25afabf elementor-section-boxed elementor-section-height-default elementor-section-height-default\" data-id=\"25afabf\" data-element_type=\"section\">\n\t\t\t\t\t\t<div class=\"elementor-container elementor-column-gap-default\">\n\t\t\t\t\t<div class=\"elementor-column elementor-col-100 elementor-top-column elementor-element elementor-element-f3fb5d0\" data-id=\"f3fb5d0\" data-element_type=\"column\">\n\t\t\t<div class=\"elementor-widget-wrap elementor-element-populated\">\n\t\t\t\t\t\t<div class=\"elementor-element elementor-element-70bccf4 elementor-grid-4 elementor-grid-tablet-2 elementor-grid-mobile-1 elementor-posts--thumbnail-top elementor-widget elementor-widget-posts\" data-id=\"70bccf4\" data-element_type=\"widget\" data-settings=\"{&quot;pagination_type&quot;:&quot;numbers_and_prev_next&quot;,&quot;classic_row_gap&quot;:{&quot;unit&quot;:&quot;px&quot;,&quot;size&quot;:25,&quot;sizes&quot;:[]},&quot;classic_columns&quot;:&quot;4&quot;,&quot;classic_columns_tablet&quot;:&quot;2&quot;,&quot;classic_columns_mobile&quot;:&quot;1&quot;,&quot;classic_row_gap_tablet&quot;:{&quot;unit&quot;:&quot;px&quot;,&quot;size&quot;:&quot;&quot;,&quot;sizes&quot;:[]},&quot;classic_row_gap_mobile&quot;:{&quot;unit&quot;:&quot;px&quot;,&quot;size&quot;:&quot;&quot;,&quot;sizes&quot;:[]}}\" data-widget_type=\"posts.classic\">\n\t\t\t\t<div class=\"elementor-widget-container\">\n\t\t\t<link rel=\"stylesheet\" href=\"https:\/\/specialistidelcuore.it\/wp-content\/plugins\/pro-elements\/assets\/css\/widget-posts.min.css\">\t\t<div class=\"elementor-posts-container elementor-posts elementor-posts--skin-classic elementor-grid\">\n\t\t\t\t<article class=\"elementor-post elementor-grid-item post-988666 post type-post status-publish format-standard has-post-thumbnail hentry category-prevenzione\">\n\t\t\t\t<a class=\"elementor-post__thumbnail__link\" href=\"https:\/\/specialistidelcuore.it\/de\/referenzwerte-zur-feststellung-des-vorhandenseins-und-fehlens-kardiovaskularer-risikofaktoren\/\" tabindex=\"-1\">\n\t\t\t<div class=\"elementor-post__thumbnail\"><img fetchpriority=\"high\" decoding=\"async\" width=\"768\" height=\"585\" src=\"https:\/\/specialistidelcuore.it\/wp-content\/uploads\/2023\/05\/Valori-di-riferimento-per-stabilire-la-presenzaassenza-dei-fattori-di-rischio-cardiovascolare-post-768x585.webp\" class=\"attachment-medium_large size-medium_large wp-image-988669\" alt=\"\" srcset=\"https:\/\/specialistidelcuore.it\/wp-content\/uploads\/2023\/05\/Valori-di-riferimento-per-stabilire-la-presenzaassenza-dei-fattori-di-rischio-cardiovascolare-post-768x585.webp 768w, https:\/\/specialistidelcuore.it\/wp-content\/uploads\/2023\/05\/Valori-di-riferimento-per-stabilire-la-presenzaassenza-dei-fattori-di-rischio-cardiovascolare-post-315x240.webp 315w, https:\/\/specialistidelcuore.it\/wp-content\/uploads\/2023\/05\/Valori-di-riferimento-per-stabilire-la-presenzaassenza-dei-fattori-di-rischio-cardiovascolare-post-630x480.webp 630w, https:\/\/specialistidelcuore.it\/wp-content\/uploads\/2023\/05\/Valori-di-riferimento-per-stabilire-la-presenzaassenza-dei-fattori-di-rischio-cardiovascolare-post-300x228.webp 300w, https:\/\/specialistidelcuore.it\/wp-content\/uploads\/2023\/05\/Valori-di-riferimento-per-stabilire-la-presenzaassenza-dei-fattori-di-rischio-cardiovascolare-post-1024x780.webp 1024w, https:\/\/specialistidelcuore.it\/wp-content\/uploads\/2023\/05\/Valori-di-riferimento-per-stabilire-la-presenzaassenza-dei-fattori-di-rischio-cardiovascolare-post.webp 1500w\" sizes=\"(max-width: 768px) 100vw, 768px\" \/><\/div>\n\t\t<\/a>\n\t\t\t\t<div class=\"elementor-post__text\">\n\t\t\t\t<h3 class=\"elementor-post__title\">\n\t\t\t<a href=\"https:\/\/specialistidelcuore.it\/de\/referenzwerte-zur-feststellung-des-vorhandenseins-und-fehlens-kardiovaskularer-risikofaktoren\/\">\n\t\t\t\tReferenzwerte zur Feststellung des Vorhandenseins\/Fehlens kardiovaskul\u00e4rer Risikofaktoren\t\t\t<\/a>\n\t\t<\/h3>\n\t\t\t\t<div class=\"elementor-post__meta-data\">\n\t\t\t\t\t<span class=\"elementor-post-date\">\n\t\t\t4. Mai 2023\t\t<\/span>\n\t\t\t\t<\/div>\n\t\t\t\t<div class=\"elementor-post__excerpt\">\n\t\t\t<p>Hier sind die neuen Referenzwerte zur Feststellung des Vorhandenseins\/Nichtvorhandenseins kardiovaskul\u00e4rer Risikofaktoren.<\/p>\n\t\t<\/div>\n\t\t\t\t\t<div class=\"elementor-post__read-more-wrapper\">\n\t\t\n\t\t<a class=\"elementor-post__read-more\" href=\"https:\/\/specialistidelcuore.it\/de\/referenzwerte-zur-feststellung-des-vorhandenseins-und-fehlens-kardiovaskularer-risikofaktoren\/\" aria-label=\"Lesen Sie mehr \u00fcber Referenzwerte f\u00fcr das Vorhandensein\/Fehlen von kardiovaskul\u00e4ren Risikofaktoren\" tabindex=\"-1\">\n\t\t\tMehr lesen &quot;\t\t<\/a>\n\n\t\t\t\t\t<\/div>\n\t\t\t\t<\/div>\n\t\t\t\t<\/article>\n\t\t\t\t<article class=\"elementor-post elementor-grid-item post-988156 post type-post status-publish format-standard has-post-thumbnail hentry category-prevenzione\">\n\t\t\t\t<a class=\"elementor-post__thumbnail__link\" href=\"https:\/\/specialistidelcuore.it\/de\/kardiovaskulare-risikofaktoren\/\" tabindex=\"-1\">\n\t\t\t<div class=\"elementor-post__thumbnail\"><img decoding=\"async\" width=\"768\" height=\"512\" src=\"https:\/\/specialistidelcuore.it\/wp-content\/uploads\/2023\/04\/Fattori-di-rischio-cardiovascolare-768x512.jpg\" class=\"attachment-medium_large size-medium_large wp-image-988164\" alt=\"Kardiovaskul\u00e4re Risikofaktoren\" srcset=\"https:\/\/specialistidelcuore.it\/wp-content\/uploads\/2023\/04\/Fattori-di-rischio-cardiovascolare-768x512.jpg 768w, https:\/\/specialistidelcuore.it\/wp-content\/uploads\/2023\/04\/Fattori-di-rischio-cardiovascolare-315x210.jpg 315w, https:\/\/specialistidelcuore.it\/wp-content\/uploads\/2023\/04\/Fattori-di-rischio-cardiovascolare-630x420.jpg 630w, https:\/\/specialistidelcuore.it\/wp-content\/uploads\/2023\/04\/Fattori-di-rischio-cardiovascolare-300x200.jpg 300w, https:\/\/specialistidelcuore.it\/wp-content\/uploads\/2023\/04\/Fattori-di-rischio-cardiovascolare-1024x683.jpg 1024w, https:\/\/specialistidelcuore.it\/wp-content\/uploads\/2023\/04\/Fattori-di-rischio-cardiovascolare.jpg 1500w\" sizes=\"(max-width: 768px) 100vw, 768px\" \/><\/div>\n\t\t<\/a>\n\t\t\t\t<div class=\"elementor-post__text\">\n\t\t\t\t<h3 class=\"elementor-post__title\">\n\t\t\t<a href=\"https:\/\/specialistidelcuore.it\/de\/kardiovaskulare-risikofaktoren\/\">\n\t\t\t\tKardiovaskul\u00e4re Risikofaktoren\t\t\t<\/a>\n\t\t<\/h3>\n\t\t\t\t<div class=\"elementor-post__meta-data\">\n\t\t\t\t\t<span class=\"elementor-post-date\">\n\t\t\t26. April 2023\t\t<\/span>\n\t\t\t\t<\/div>\n\t\t\t\t<div class=\"elementor-post__excerpt\">\n\t\t\t<p>Was sind die kardiovaskul\u00e4ren Risikofaktoren? CV-Risikofaktoren k\u00f6nnen in zwei Gruppen eingeteilt werden. Die wichtigsten und risikoreichsten Faktoren<\/p>\n\t\t<\/div>\n\t\t\t\t\t<div class=\"elementor-post__read-more-wrapper\">\n\t\t\n\t\t<a class=\"elementor-post__read-more\" href=\"https:\/\/specialistidelcuore.it\/de\/kardiovaskulare-risikofaktoren\/\" aria-label=\"Lesen Sie mehr \u00fcber kardiovaskul\u00e4re Risikofaktoren\" tabindex=\"-1\">\n\t\t\tMehr lesen &quot;\t\t<\/a>\n\n\t\t\t\t\t<\/div>\n\t\t\t\t<\/div>\n\t\t\t\t<\/article>\n\t\t\t\t<article class=\"elementor-post elementor-grid-item post-988154 post type-post status-publish format-standard has-post-thumbnail hentry category-prevenzione\">\n\t\t\t\t<a class=\"elementor-post__thumbnail__link\" href=\"https:\/\/specialistidelcuore.it\/de\/herz-kreislauf-erkrankungen\/\" tabindex=\"-1\">\n\t\t\t<div class=\"elementor-post__thumbnail\"><img decoding=\"async\" width=\"768\" height=\"512\" src=\"https:\/\/specialistidelcuore.it\/wp-content\/uploads\/2023\/04\/Malattie-Cardivascolari-768x512.jpg\" class=\"attachment-medium_large size-medium_large wp-image-988169\" alt=\"\" srcset=\"https:\/\/specialistidelcuore.it\/wp-content\/uploads\/2023\/04\/Malattie-Cardivascolari-768x512.jpg 768w, https:\/\/specialistidelcuore.it\/wp-content\/uploads\/2023\/04\/Malattie-Cardivascolari-315x210.jpg 315w, https:\/\/specialistidelcuore.it\/wp-content\/uploads\/2023\/04\/Malattie-Cardivascolari-630x420.jpg 630w, https:\/\/specialistidelcuore.it\/wp-content\/uploads\/2023\/04\/Malattie-Cardivascolari-300x200.jpg 300w, https:\/\/specialistidelcuore.it\/wp-content\/uploads\/2023\/04\/Malattie-Cardivascolari-1024x683.jpg 1024w, https:\/\/specialistidelcuore.it\/wp-content\/uploads\/2023\/04\/Malattie-Cardivascolari.jpg 1500w\" sizes=\"(max-width: 768px) 100vw, 768px\" \/><\/div>\n\t\t<\/a>\n\t\t\t\t<div class=\"elementor-post__text\">\n\t\t\t\t<h3 class=\"elementor-post__title\">\n\t\t\t<a href=\"https:\/\/specialistidelcuore.it\/de\/herz-kreislauf-erkrankungen\/\">\n\t\t\t\tHerz-Kreislauf-Erkrankungen\t\t\t<\/a>\n\t\t<\/h3>\n\t\t\t\t<div class=\"elementor-post__meta-data\">\n\t\t\t\t\t<span class=\"elementor-post-date\">\n\t\t\t26. April 2023\t\t<\/span>\n\t\t\t\t<\/div>\n\t\t\t\t<div class=\"elementor-post__excerpt\">\n\t\t\t<p>Sterben Sie an Herz-Kreislauf-Erkrankungen? Laut ISTAT-Daten aus dem Jahr 2017 sind in Italien Herz-Kreislauf-Erkrankungen (CVD) f\u00fcr 35,81 TP3T aller Erkrankungen verantwortlich<\/p>\n\t\t<\/div>\n\t\t\t\t\t<div class=\"elementor-post__read-more-wrapper\">\n\t\t\n\t\t<a class=\"elementor-post__read-more\" href=\"https:\/\/specialistidelcuore.it\/de\/herz-kreislauf-erkrankungen\/\" aria-label=\"Lesen Sie mehr \u00fcber Herz-Kreislauf-Erkrankungen\" tabindex=\"-1\">\n\t\t\tMehr lesen &quot;\t\t<\/a>\n\n\t\t\t\t\t<\/div>\n\t\t\t\t<\/div>\n\t\t\t\t<\/article>\n\t\t\t\t<article class=\"elementor-post elementor-grid-item post-10551 post type-post status-publish format-standard has-post-thumbnail hentry category-prevenzione\">\n\t\t\t\t<a class=\"elementor-post__thumbnail__link\" href=\"https:\/\/specialistidelcuore.it\/de\/die-8-regeln-der-gesundheit\/\" tabindex=\"-1\">\n\t\t\t<div class=\"elementor-post__thumbnail\"><img loading=\"lazy\" decoding=\"async\" width=\"768\" height=\"402\" src=\"https:\/\/specialistidelcuore.it\/wp-content\/uploads\/2021\/06\/8-regole-specialisti-del-cuore-768x402.webp\" class=\"attachment-medium_large size-medium_large wp-image-990436\" alt=\"\" srcset=\"https:\/\/specialistidelcuore.it\/wp-content\/uploads\/2021\/06\/8-regole-specialisti-del-cuore-768x402.webp 768w, https:\/\/specialistidelcuore.it\/wp-content\/uploads\/2021\/06\/8-regole-specialisti-del-cuore-300x157.webp 300w, https:\/\/specialistidelcuore.it\/wp-content\/uploads\/2021\/06\/8-regole-specialisti-del-cuore-1024x536.webp 1024w, https:\/\/specialistidelcuore.it\/wp-content\/uploads\/2021\/06\/8-regole-specialisti-del-cuore-1536x804.webp 1536w, https:\/\/specialistidelcuore.it\/wp-content\/uploads\/2021\/06\/8-regole-specialisti-del-cuore-2048x1072.webp 2048w, https:\/\/specialistidelcuore.it\/wp-content\/uploads\/2021\/06\/8-regole-specialisti-del-cuore-18x9.webp 18w, https:\/\/specialistidelcuore.it\/wp-content\/uploads\/2021\/06\/8-regole-specialisti-del-cuore-630x330.webp 630w, https:\/\/specialistidelcuore.it\/wp-content\/uploads\/2021\/06\/8-regole-specialisti-del-cuore-1260x659.webp 1260w, https:\/\/specialistidelcuore.it\/wp-content\/uploads\/2021\/06\/8-regole-specialisti-del-cuore-315x165.webp 315w\" sizes=\"(max-width: 768px) 100vw, 768px\" \/><\/div>\n\t\t<\/a>\n\t\t\t\t<div class=\"elementor-post__text\">\n\t\t\t\t<h3 class=\"elementor-post__title\">\n\t\t\t<a href=\"https:\/\/specialistidelcuore.it\/de\/die-8-regeln-der-gesundheit\/\">\n\t\t\t\tDie 8 Gesundheitsregeln reduzieren Ihr Herz-Kreislauf-Risiko\t\t\t<\/a>\n\t\t<\/h3>\n\t\t\t\t<div class=\"elementor-post__meta-data\">\n\t\t\t\t\t<span class=\"elementor-post-date\">\n\t\t\t1. Juni 2021\t\t<\/span>\n\t\t\t\t<\/div>\n\t\t\t\t<div class=\"elementor-post__excerpt\">\n\t\t\t<p>1) Mit dem Rauchen aufh\u00f6ren Mit dem Rauchen aufzuh\u00f6ren ist das Wichtigste, was ein Raucher tun kann, um l\u00e4nger zu leben. Das ist es nie<\/p>\n\t\t<\/div>\n\t\t\t\t\t<div class=\"elementor-post__read-more-wrapper\">\n\t\t\n\t\t<a class=\"elementor-post__read-more\" href=\"https:\/\/specialistidelcuore.it\/de\/die-8-regeln-der-gesundheit\/\" aria-label=\"Lesen Sie mehr \u00fcber Die 8 Regeln der Gesundheit, reduzieren Sie Ihr kardiovaskul\u00e4res Risiko\" tabindex=\"-1\">\n\t\t\tMehr lesen &quot;\t\t<\/a>\n\n\t\t\t\t\t<\/div>\n\t\t\t\t<\/div>\n\t\t\t\t<\/article>\n\t\t\t\t<\/div>\n\t\t\n\t\t\t\t<\/div>\n\t\t\t\t<\/div>\n\t\t\t\t\t<\/div>\n\t\t<\/div>\n\t\t\t\t\t<\/div>\n\t\t<\/section>\n\t\t\t\t<\/div>","protected":false},"excerpt":{"rendered":"<p>Um Sie auf dem Laufenden zu halten<\/p>","protected":false},"author":1,"featured_media":0,"parent":0,"menu_order":0,"comment_status":"closed","ping_status":"closed","template":"","meta":{"footnotes":""},"_links":{"self":[{"href":"https:\/\/specialistidelcuore.it\/de\/wp-json\/wp\/v2\/pages\/525"}],"collection":[{"href":"https:\/\/specialistidelcuore.it\/de\/wp-json\/wp\/v2\/pages"}],"about":[{"href":"https:\/\/specialistidelcuore.it\/de\/wp-json\/wp\/v2\/types\/page"}],"author":[{"embeddable":true,"href":"https:\/\/specialistidelcuore.it\/de\/wp-json\/wp\/v2\/users\/1"}],"replies":[{"embeddable":true,"href":"https:\/\/specialistidelcuore.it\/de\/wp-json\/wp\/v2\/comments?post=525"}],"version-history":[{"count":28,"href":"https:\/\/specialistidelcuore.it\/de\/wp-json\/wp\/v2\/pages\/525\/revisions"}],"predecessor-version":[{"id":991341,"href":"https:\/\/specialistidelcuore.it\/de\/wp-json\/wp\/v2\/pages\/525\/revisions\/991341"}],"wp:attachment":[{"href":"https:\/\/specialistidelcuore.it\/de\/wp-json\/wp\/v2\/media?parent=525"}],"curies":[{"name":"wp","href":"https:\/\/api.w.org\/{rel}","templated":true}]}}