{"id":988200,"date":"2023-05-02T10:25:08","date_gmt":"2023-05-02T08:25:08","guid":{"rendered":"https:\/\/specialistidelcuore.it\/?page_id=988200"},"modified":"2024-04-02T17:13:52","modified_gmt":"2024-04-02T15:13:52","slug":"privacy-policy","status":"publish","type":"page","link":"https:\/\/specialistidelcuore.it\/de\/datenschutzrichtlinie\/","title":{"rendered":"Datenschutzrichtlinie"},"content":{"rendered":"<div data-elementor-type=\"wp-page\" data-elementor-id=\"988200\" class=\"elementor elementor-988200\" data-elementor-post-type=\"page\">\n\t\t\t\t\t\t<section class=\"elementor-section elementor-top-section elementor-element elementor-element-44f0358b elementor-section-boxed elementor-section-height-default elementor-section-height-default\" data-id=\"44f0358b\" data-element_type=\"section\">\n\t\t\t\t\t\t<div class=\"elementor-container elementor-column-gap-default\">\n\t\t\t\t\t<div class=\"elementor-column elementor-col-100 elementor-top-column elementor-element elementor-element-6e63a0de\" data-id=\"6e63a0de\" data-element_type=\"column\">\n\t\t\t<div class=\"elementor-widget-wrap elementor-element-populated\">\n\t\t\t\t\t\t<div class=\"elementor-element elementor-element-3127f803 elementor-widget elementor-widget-text-editor\" data-id=\"3127f803\" data-element_type=\"widget\" data-widget_type=\"text-editor.default\">\n\t\t\t\t<div class=\"elementor-widget-container\">\n\t\t\t<style>\/*! elementor - v3.23.0 - 15-07-2024 *\/\n.elementor-widget-text-editor.elementor-drop-cap-view-stacked .elementor-drop-cap{background-color:#69727d;color:#fff}.elementor-widget-text-editor.elementor-drop-cap-view-framed .elementor-drop-cap{color:#69727d;border:3px solid;background-color:transparent}.elementor-widget-text-editor:not(.elementor-drop-cap-view-default) .elementor-drop-cap{margin-top:8px}.elementor-widget-text-editor:not(.elementor-drop-cap-view-default) .elementor-drop-cap-letter{width:1em;height:1em}.elementor-widget-text-editor .elementor-drop-cap{float:left;text-align:center;line-height:1;font-size:50px}.elementor-widget-text-editor .elementor-drop-cap-letter{display:inline-block}<\/style>\t\t\t\t<p>VERORDNUNG (EU) 679\/2016<\/p><p>Gem\u00e4\u00df der Verordnung (EU) 679\/2016 beschreibt diese Seite die Methoden zur Verarbeitung personenbezogener Daten von Benutzern, die die Website von LifeCare Srl, SB-SUI konsultieren, die elektronisch unter der folgenden Adresse zug\u00e4nglich ist:<\/p><p><a href=\"https:\/\/specialistidelcuore.it\/de\/\">https:\/\/specialistidelcuore.it<\/a><\/p><p>Nach Konsultation der oben genannten Website k\u00f6nnen Daten \u00fcber identifizierte oder identifizierbare nat\u00fcrliche Personen verarbeitet werden.<\/p><h2>EIGENT\u00dcMER UND ANDERE VERANTWORTLICHE<\/h2><p><strong>a) Datenverantwortlicher: LifeCare Srl, SB-SUICF\/Mehrwertsteuernummer: 12828050968<\/strong><\/p><p><em>\u27a2 Sitz: Via Mario Pagano 63 \u2013 20121 MAILAND<\/em><br \/><em>\u27a2 Tel.: 3459160106<\/em><br \/><em>\u27a2 E-Mail\/PEC: info@lifecare.cloud; <a href=\"mailto:lifecare@pec.lifecare.cloud\">lifecare@pec.lifecare.cloud<\/a><\/em><\/p><h2>Art der verarbeiteten Daten<\/h2><p>B) <strong>Navigationsdaten:<\/strong> Die f\u00fcr den Betrieb der Website verwendeten Computersysteme und Softwareverfahren k\u00f6nnen w\u00e4hrend ihres normalen Betriebs einige personenbezogene Daten erfassen. Es geht um<br \/>Informationen, die nicht gesammelt werden, um identifizierten Interessenten zugeordnet zu werden, sondern die aufgrund ihrer Beschaffenheit durch Verarbeitung und Verkn\u00fcpfung mit Daten im Besitz Dritter eine Identifizierung der Benutzer erm\u00f6glichen k\u00f6nnten (z. B. IP-Adressen oder andere Parameter im Zusammenhang mit dem Betriebssystem usw.). IT-Umgebung des Benutzers). Diese Daten werden ausschlie\u00dflich dazu verwendet, anonyme statistische Informationen \u00fcber die Nutzung der Website zu erhalten und deren korrekte Funktion zu \u00fcberpr\u00fcfen. Die Daten k\u00f6nnten verwendet werden, um die Verantwortlichkeit im Falle hypothetischer Computerkriminalit\u00e4t gegen die Website festzustellen;<br \/>C) <strong>Vom Nutzer freiwillig angegebene Daten<\/strong>: Das optionale, ausdr\u00fcckliche und freiwillige Versenden von E-Mails an die auf dieser Website angegebenen Adressen f\u00fchrt zur anschlie\u00dfenden Erfassung der Absenderadresse.<br \/>die zur Beantwortung von Anfragen erforderlich sind, sowie sonstige personenbezogene Daten. Spezifische zusammenfassende Informationen finden Sie auf den Seiten der Website, die f\u00fcr bestimmte Dienstleistungen auf Anfrage vorbereitet sind (die Formulare, um detaillierte Informationen zu Produkten\/Dienstleistungen anzufordern);<br \/>D) <strong>Daten zum Gesundheitszustand<\/strong>: um die auf der Plattform verf\u00fcgbaren Dienste zu nutzen, die unter der Adresse erreichbar sind <a href=\"https:\/\/specialistidelcuore.it\/de\/\">www.specialistidelcuore.it<\/a>F\u00fcr die Verarbeitung dieser Daten ist eine vorherige Einwilligung erforderlich.<br \/>Diese Einwilligung entspricht Artikel 9.2(a) der Europ\u00e4ischen Verordnung 2016\/679 (DSGVO) und kann widerrufen werden<br \/>e) jederzeit; in diesem Fall ist die Plattform nicht mehr in der Lage, die Dienste bereitzustellen, f\u00fcr die die Weitergabe dieser Daten erforderlich ist.<br \/>F) <strong>Kekse<\/strong>: Cookies sind kurze Textfragmente (Buchstaben und\/oder Zahlen), die es dem Webserver erm\u00f6glichen, Informationen auf dem Client (dem Browser) zu speichern, die w\u00e4hrend desselben Besuchs auf der Website (Sitzungscookies) oder sp\u00e4ter, auch \u00fcber mehrere Tage hinweg, wiederverwendet werden k\u00f6nnen (persistente Cookies). Cookies werden je nach Benutzerpr\u00e4ferenz vom jeweiligen Browser auf dem jeweils verwendeten Ger\u00e4t (Computer, Tablet, Smartphone) gespeichert. Diese Website verwendet Cookies, um ihre Dienste f\u00fcr Benutzer, die die Seiten von www.specialistidelcuore.it besuchen, einfach und effizient zu gestalten.<\/p><h2>ARTEN VON COOKIES<\/h2><p>G) <strong>Technische Cookies, unbedingt erforderlich<\/strong>: unerl\u00e4sslich f\u00fcr das ordnungsgem\u00e4\u00dfe Funktionieren der Website und werden zur Verwaltung der Anmeldung und des Zugriffs auf die reservierten Funktionen der Website verwendet;<br \/>H) <strong>Analyse- und Leistungscookies<\/strong>: Wird verwendet, um den Datenverkehr und die Nutzung der Website anonym zu erfassen und zu analysieren. Ohne den Benutzer zu identifizieren, erm\u00f6glichen diese Cookies beispielsweise die Erkennung, ob derselbe Benutzer zu unterschiedlichen Zeiten erneut eine Verbindung herstellt. Sie erm\u00f6glichen Ihnen au\u00dferdem, das System zu \u00fcberwachen und seine Leistung und Benutzerfreundlichkeit zu verbessern. Die Deaktivierung dieser Cookies ist ohne Funktionseinbu\u00dfen m\u00f6glich;<br \/>Die) <strong>Profilierungscookies<\/strong>: Permanente Cookies, die verwendet werden, um (anonym oder auf andere Weise) die Pr\u00e4ferenzen des Benutzers zu identifizieren und sein Surferlebnis zu verbessern. Die Seite <a href=\"https:\/\/specialistidelcuore.it\/de\/\">www.specialistidelcuore.it<\/a> verwendet Cookies dieser Art;<br \/>J) <strong>Cookies von Drittanbietern<\/strong>: Durch den Besuch einer Website erhalten Sie m\u00f6glicherweise Cookies sowohl von der besuchten Website (\u201eEigent\u00fcmer\u201c) als auch von Websites, die von anderen Organisationen (\u201eDritten\u201c) verwaltet werden. Die Seite <a href=\"https:\/\/specialistidelcuore.it\/de\/\">www.specialistidelcuore.it<\/a> Dazu geh\u00f6ren auch bestimmte Komponenten, die von Google Analytics, einem von Google Inc. (\u201eGoogle\u201c) bereitgestellten Web-Traffic-Analysedienst, \u00fcbermittelt werden. Auch in diesem Fall handelt es sich um Cookies von Drittanbietern, die anonym gesammelt und verwaltet werden, um die Leistung der Host-Site zu \u00fcberwachen und zu verbessern (Leistungs-Cookie).<br \/>k) <strong>Google Analytics<\/strong>: verwendet Cookies, um anonym Informationen \u00fcber das Nutzungsverhalten der Website zu sammeln und zu analysieren <a href=\"https:\/\/specialistidelcuore.it\/de\/\">www.specialistidelcuore.it<\/a> (einschlie\u00dflich Ihrer IP-Adresse). Diese Informationen werden von Google Analytics gesammelt und zum Zweck der Erstellung von Berichten \u00fcber die Aktivit\u00e4ten auf den Websites selbst verarbeitet. Diese Website verwendet das Google Analytics-Tool (oder erm\u00f6glicht es Dritten, es zu verwenden), um personenbezogene Daten zu \u00fcberwachen oder zu sammeln. Google f\u00fchrt die IP-Adresse nicht mit anderen von Google gespeicherten Daten zusammen und versucht auch nicht, eine IP-Adresse mit der Identit\u00e4t eines Nutzers in Verbindung zu bringen. Auch wird Google diese Informationen gegebenenfalls an Dritte \u00fcbertragen, sofern dies gesetzlich vorgeschrieben oder soweit Dritte diese Daten im Auftrag von Google verarbeiten.<\/p><h2>COOKIE-VERWALTUNG<\/h2><p>Die) <strong>Aufmerksamkeit<\/strong>: Der Benutzer kann \u00fcber seine Browsereinstellungen entscheiden, ob er Cookies akzeptiert oder nicht:<\/p><p>\u2192 Die vollst\u00e4ndige oder teilweise Deaktivierung technischer Cookies kann die Nutzung der f\u00fcr registrierte Benutzer reservierten Website-Funktionen beeintr\u00e4chtigen. Im Gegenteil ist die Nutzbarkeit \u00f6ffentlicher Inhalte auch durch die vollst\u00e4ndige Deaktivierung von Cookies m\u00f6glich.<br \/>\u2192 Die Deaktivierung von Cookies von Drittanbietern hat keinerlei Auswirkungen auf die Navigation.<\/p><p>Die Einstellung kann gezielt f\u00fcr verschiedene Websites und Webanwendungen definiert werden. Dar\u00fcber hinaus k\u00f6nnen Sie in den besten Browsern unterschiedliche Einstellungen f\u00fcr \u201epropriet\u00e4re\u201c Cookies und \u201eDrittanbieter\u201c-Cookies festlegen.<\/p><h2>ZWECK UND METHODEN DER DATENVERARBEITUNG<\/h2><p>M) <strong>Zweck<\/strong>: Navigationsdatenerfassung;<br \/>N) <strong>Modus<\/strong>: Personenbezogene Daten werden mit automatisierten Tools nur so lange verarbeitet, wie es zur Erreichung der Zwecke, f\u00fcr die sie erhoben wurden, unbedingt erforderlich ist. LifeCare Srl, SB-SUI garantiert, dass die personenbezogenen Daten der Benutzer unter Anwendung geeigneter und pr\u00e4ventiver Sicherheitsma\u00dfnahmen aufbewahrt und kontrolliert werden, um das Risiko einer Zerst\u00f6rung oder eines Verlusts (auch versehentlich) der Daten selbst oder eines unbefugten Zugriffs oder einer unbefugten Verarbeitung zu minimieren unzul\u00e4ssig oder nicht im Einklang mit den in den Informationen angegebenen Erhebungszwecken. LifeCare Srl, SB-SUI lehnt jedoch jegliche Verantwortung f\u00fcr den Fall ab, dass eine solche Zerst\u00f6rung oder ein solcher Verlust von Daten oder ein unbefugter Zugriff darauf von der vom Benutzer verwendeten Ausr\u00fcstung abh\u00e4ngt oder wenn dies nicht in seiner eigenen Verantwortung liegt. Nutzer m\u00fcssen daher unter anderem daf\u00fcr sorgen, dass ihr Computer und Internetprovider geeignete und aktuelle Softwaresysteme zum Schutz der elektronischen Daten\u00fcbertragung einsetzt (z. B. Antivirus, Firewall, Anti-Spam-Filter);<\/p><h2>RECHTSGRUNDLAGE<\/h2><p>oder) <strong>Ursprung der Behandlung<\/strong>: Zustimmung des Benutzers durch Nutzung oder Konsultation der Website;<br \/>P) <strong>Folgen einer m\u00f6glichen Ablehnung<\/strong>: Wenn sie nicht bereitgestellt werden, kann es unm\u00f6glich sein, das Gew\u00fcnschte zu erhalten;<br \/>Q) <strong>Optionale Bereitstellung<\/strong>: Abgesehen von dem, was f\u00fcr Navigationsdaten angegeben ist, steht es dem Benutzer frei, personenbezogene Daten anzugeben, die in den Anforderungsformularen f\u00fcr Informationsmaterial oder andere Mitteilungen enthalten sind;<\/p><h2>KATEGORIEN VON EMPF\u00c4NGERN<\/h2><p>R) <strong>F\u00fchrungskr\u00e4fte und Verantwortliche der f\u00fcr die Verarbeitung verantwortlichen Organisation<\/strong>: Die Verarbeitung im Zusammenhang mit den Webdiensten dieser Website erfolgt in der oben genannten Gesch\u00e4ftsstelle und wird ausschlie\u00dflich von den f\u00fcr die Verarbeitung zust\u00e4ndigen Mitarbeitern durchgef\u00fchrt. Es werden keine Daten an Dritte weitergegeben oder verbreitet;<br \/>S) <strong>Personen oder Kategorien von Personen, denen die Daten mitgeteilt oder verbreitet werden k\u00f6nnen<\/strong>: Die Daten k\u00f6nnen an Institutionen, Beh\u00f6rden, Fachleute und externe Mitarbeiter weitergegeben werden, um kommerzielle, professionelle und technische Dienstleistungen zu erbringen, die f\u00fcr die Verwaltung der Website und die Verfolgung der unten genannten Zwecke erforderlich sind. Personenbezogene Daten k\u00f6nnen auch an jeden weitergegeben werden, der aufgrund von Gesetzen oder Vorschriften rechtm\u00e4\u00dfiger Empf\u00e4nger von Mitteilungen ist, beispielsweise im Falle von Gerichtsverfahren, Anfragen von Gerichten und zust\u00e4ndigen Beh\u00f6rden oder im Zusammenhang mit anderen rechtlichen Verpflichtungen.<\/p><h2>LAGERDAUER<\/h2><p>T) <strong>Datenaufbewahrungszeit<\/strong>: Die direkt von den Nutzern bereitgestellten Informationen werden nur so lange aufbewahrt, wie es f\u00fcr die Erf\u00fcllung der von Zeit zu Zeit verfolgten Zwecke erforderlich ist, oder sie werden nach Erledigung der Informations- oder Dienstleistungsanfragen gel\u00f6scht, es sei denn, es ist erforderlich, die personenbezogenen Daten des Nutzers weiter zu verarbeiten auf weitergehende Anfragen des Nutzers (z. B. im Rahmen eines Vertragsabschlusses) oder darauf, dass die Aufbewahrung der Daten aufgrund gesetzlicher Verpflichtungen erforderlich ist. Es ist zu beachten, dass die Informationssysteme, die zur Verwaltung der gesammelten Informationen eingesetzt werden, von Anfang an so konfiguriert sind, dass der Datenverbrauch minimiert wird.<\/p><h2>RECHTE DES BETEILIGTEN<\/h2><p>u) <strong>Benutzerrechte<\/strong>: In \u00dcbereinstimmung mit der Datenschutzverordnung (Artikel 11 und 12) haben Benutzer der Website jederzeit das Recht, eine Best\u00e4tigung \u00fcber die Existenz oder Nichtexistenz derselben Daten zu erhalten und deren Inhalt und Herkunft zu erfahren, ihre Richtigkeit zu \u00fcberpr\u00fcfen oder deren anzufordern Integration oder Aktualisierung oder Berichtigung. Der Nutzer hat das Recht, die L\u00f6schung, Anonymisierung oder Sperrung rechtswidrig verarbeiteter Daten, die \u00dcbertragbarkeit seiner Daten oder deren \u00dcbermittlung an einen vom Nutzer selbst benannten Dritten zu verlangen und zu erwirken. Dar\u00fcber hinaus haben Nutzer jederzeit das Recht, aus legitimen Gr\u00fcnden der Verarbeitung ihrer personenbezogenen Daten ganz oder teilweise zu widersprechen, auch wenn dies f\u00fcr den Zweck, f\u00fcr den sie erhoben wurden, relevant ist Versenden von Werbe- oder Direktverkaufsmaterial oder zur Durchf\u00fchrung von Marktforschung oder kommerzieller Kommunikation.<\/p><p>Anfragen sollten an den Datenverantwortlichen gerichtet werden: <strong>LifeCare Srl, SB-SUI <\/strong><\/p><p>Nutzer k\u00f6nnen auch eine Beschwerde bei der Aufsichtsbeh\u00f6rde (Garant f\u00fcr den Schutz personenbezogener Daten) einreichen.<\/p><h2>SOZIALE NETZWERKE<\/h2><p>v) Jeder Benutzer hat die M\u00f6glichkeit, auf die auf der Website vorhandenen Symbole f\u00fcr die sozialen Netzwerke Twitter, Facebook, Linkedin, Youtube und Instagram zu klicken. Durch Klicken auf diese Symbole wird der Benutzer auf externe Websites weitergeleitet.<\/p><p>Soziale Netzwerke tragen dazu bei, die Benutzerfreundlichkeit der Website zu verbessern und sie durch Teilen zu f\u00f6rdern.<br \/>Mit Video-Sharing-Diensten k\u00f6nnen Sie die Website mit Videoinhalten bereichern und ihre Sichtbarkeit erh\u00f6hen. Wenn der Benutzer auf diese Symbole klickt, <strong>LifeCare Srl, SB-SUI <\/strong> sammelt oder verarbeitet keine Daten \u00fcber den Benutzer oder die vom Benutzer vorgenommene Weitergabe \u00fcber Twitter, Facebook, Linkedin, Youtube und Instagram. Hierbei handelt es sich lediglich um Links, die den Nutzer zur\u00fcck zum sozialen Netzwerk f\u00fchren, wenn er auf die Symbole klickt. Wenn der Benutzer zu sozialen Netzwerken weitergeleitet wird, unterliegen die Interaktionen des Benutzers und die von den sozialen Netzwerken gesammelten Informationen den Datenschutzeinstellungen, die der Benutzer f\u00fcr jedes soziale Netzwerk definiert.<\/p><h2>WERBUNG IN SOZIALEN NETZWERKEN<\/h2><p>w) <strong>LifeCare Srl, SB-SUI\u00a0<\/strong> zeigt gezielte Werbung in sozialen Netzwerken \u00fcber Programme an, die von Meta (Facebook und Instagram), Linkedin und TikTok angeboten werden. <strong>LifeCare Srl, SB-SUI\u00a0<\/strong> nutzt Kampagnen zur Lead-Generierung, bei denen das soziale Netzwerk den Nutzern des sozialen Netzwerks Werbe- und Datenerfassungsformulare anzeigt, indem es die von den sozialen Netzwerken definierten Profilsegmente einf\u00fcgt und welche <strong>LifeCare Srl, SB-SUI <\/strong>beschlie\u00dft auszuw\u00e4hlen. Es werden keine Daten \u00fcbertragen <strong>LifeCare Srl, SB-SUI <\/strong> Bei sozialen Netzwerken handelt es sich bei den verwendeten Daten um diejenigen Daten, die von Mitgliedern der sozialen Netzwerke an diese sozialen Netzwerke weitergegeben werden.<\/p><p>Diese Datenschutzrichtlinie gilt ausschlie\u00dflich f\u00fcr die jeweilige Website.<\/p><p>Die Website kann Links zu anderen Websites enthalten, mit denen Sie m\u00f6glicherweise keine Verbindung haben <strong>LifeCare Srl, SB-SUI <\/strong>die nicht f\u00fcr den Inhalt und die Regeln verantwortlich gemacht werden kann, die von verschiedenen Websites \u00fcber Links oder Banner \u00fcbernommen werden, auch zum Datenschutz. Die Website kann Links zu diesen Websites ausschlie\u00dflich zur Erleichterung der Navigation des Benutzers bereitstellen. Wir empfehlen Ihnen daher, beim Aufrufen der Links auf der Website aufmerksam zu sein und die entsprechenden Nutzungsbedingungen und Datenschutzbestimmungen sorgf\u00e4ltig zu lesen.<\/p>\t\t\t\t\t\t<\/div>\n\t\t\t\t<\/div>\n\t\t\t\t\t<\/div>\n\t\t<\/div>\n\t\t\t\t\t<\/div>\n\t\t<\/section>\n\t\t\t\t<\/div>","protected":false},"excerpt":{"rendered":"<p>VERORDNUNG (EU) 679\/2016 Gem\u00e4\u00df der Verordnung (EU) 679\/2016 werden auf dieser Seite die Modalit\u00e4ten f\u00fcr die Verarbeitung der personenbezogenen Daten von Nutzern beschrieben, die die Website von LifeCare S.r.l., S.B.-S.U.I. besuchen, die \u00fcber Telematikmittel unter folgender Adresse zug\u00e4nglich ist: https:\/\/specialistidelcuore.it. Nach dem Besuch der oben genannten Website k\u00f6nnen die Daten identifizierter nat\u00fcrlicher Personen verarbeitet werden...<\/p>","protected":false},"author":1,"featured_media":0,"parent":0,"menu_order":0,"comment_status":"closed","ping_status":"closed","template":"","meta":{"footnotes":""},"_links":{"self":[{"href":"https:\/\/specialistidelcuore.it\/de\/wp-json\/wp\/v2\/pages\/988200"}],"collection":[{"href":"https:\/\/specialistidelcuore.it\/de\/wp-json\/wp\/v2\/pages"}],"about":[{"href":"https:\/\/specialistidelcuore.it\/de\/wp-json\/wp\/v2\/types\/page"}],"author":[{"embeddable":true,"href":"https:\/\/specialistidelcuore.it\/de\/wp-json\/wp\/v2\/users\/1"}],"replies":[{"embeddable":true,"href":"https:\/\/specialistidelcuore.it\/de\/wp-json\/wp\/v2\/comments?post=988200"}],"version-history":[{"count":43,"href":"https:\/\/specialistidelcuore.it\/de\/wp-json\/wp\/v2\/pages\/988200\/revisions"}],"predecessor-version":[{"id":991777,"href":"https:\/\/specialistidelcuore.it\/de\/wp-json\/wp\/v2\/pages\/988200\/revisions\/991777"}],"wp:attachment":[{"href":"https:\/\/specialistidelcuore.it\/de\/wp-json\/wp\/v2\/media?parent=988200"}],"curies":[{"name":"wp","href":"https:\/\/api.w.org\/{rel}","templated":true}]}}