{"id":988653,"date":"2023-05-04T10:13:16","date_gmt":"2023-05-04T08:13:16","guid":{"rendered":"https:\/\/specialistidelcuore.it\/?page_id=988653"},"modified":"2024-04-05T09:26:38","modified_gmt":"2024-04-05T07:26:38","slug":"forum","status":"publish","type":"page","link":"https:\/\/specialistidelcuore.it\/de\/forum\/","title":{"rendered":"Foren"},"content":{"rendered":"<div data-elementor-type=\"wp-page\" data-elementor-id=\"988653\" class=\"elementor elementor-988653\" data-elementor-post-type=\"page\">\n\t\t\t\t\t\t<section class=\"elementor-section elementor-top-section elementor-element elementor-element-1a453c9 elementor-section-boxed elementor-section-height-default elementor-section-height-default\" data-id=\"1a453c9\" data-element_type=\"section\" data-settings=\"{&quot;background_background&quot;:&quot;classic&quot;}\">\n\t\t\t\t\t\t<div class=\"elementor-container elementor-column-gap-default\">\n\t\t\t\t\t<div class=\"elementor-column elementor-col-100 elementor-top-column elementor-element elementor-element-b92b173\" data-id=\"b92b173\" data-element_type=\"column\">\n\t\t\t<div class=\"elementor-widget-wrap elementor-element-populated\">\n\t\t\t\t\t\t<div class=\"elementor-element elementor-element-cdf53ab elementor-widget elementor-widget-heading\" data-id=\"cdf53ab\" data-element_type=\"widget\" data-widget_type=\"heading.default\">\n\t\t\t\t<div class=\"elementor-widget-container\">\n\t\t\t<style>\/*! elementor - v3.23.0 - 15-07-2024 *\/\n.elementor-heading-title{padding:0;margin:0;line-height:1}.elementor-widget-heading .elementor-heading-title[class*=elementor-size-]>a{color:inherit;font-size:inherit;line-height:inherit}.elementor-widget-heading .elementor-heading-title.elementor-size-small{font-size:15px}.elementor-widget-heading .elementor-heading-title.elementor-size-medium{font-size:19px}.elementor-widget-heading .elementor-heading-title.elementor-size-large{font-size:29px}.elementor-widget-heading .elementor-heading-title.elementor-size-xl{font-size:39px}.elementor-widget-heading .elementor-heading-title.elementor-size-xxl{font-size:59px}<\/style><h1 class=\"elementor-heading-title elementor-size-default\"><span style=\"color:#005e9e\">Foren<\/span><\/h1>\t\t<\/div>\n\t\t\t\t<\/div>\n\t\t\t\t\t<\/div>\n\t\t<\/div>\n\t\t\t\t\t<\/div>\n\t\t<\/section>\n\t\t\t\t<section class=\"elementor-section elementor-top-section elementor-element elementor-element-c338aed elementor-section-boxed elementor-section-height-default elementor-section-height-default\" data-id=\"c338aed\" data-element_type=\"section\">\n\t\t\t\t\t\t<div class=\"elementor-container elementor-column-gap-default\">\n\t\t\t\t\t<div class=\"elementor-column elementor-col-100 elementor-top-column elementor-element elementor-element-a48496c\" data-id=\"a48496c\" data-element_type=\"column\">\n\t\t\t<div class=\"elementor-widget-wrap elementor-element-populated\">\n\t\t\t\t\t\t<div class=\"elementor-element elementor-element-b092fe0 elementor-widget elementor-widget-shortcode\" data-id=\"b092fe0\" data-element_type=\"widget\" data-widget_type=\"shortcode.default\">\n\t\t\t\t<div class=\"elementor-widget-container\">\n\t\t\t\t\t<div class=\"elementor-shortcode\"><div id=\"anspress\" class=\"anspress\">\n\n<div class=\"ap-row\">\n\t<div id=\"ap-lists\" class=\"ap-col-12\">\n\t\t\t\n<div class=\"ap-list-head clearfix\">\n\t<div class=\"pull-right\">\n\t\t<a class=\"ap-btn-ask\" href=\"https:\/\/specialistidelcuore.it\/de\/domande\/eine-frage-stellen\/\">Frage stellen<\/a>\t<\/div>\n\n\t\n<form id=\"ap-search-form\" class=\"ap-search-form\" action=\"https:\/\/specialistidelcuore.it\/de\/\" data-trp-original-action=\"https:\/\/specialistidelcuore.it\/de\/\">\n\t<button class=\"ap-btn ap-search-btn\" type=\"submit\">Suche<\/button>\n\t<div class=\"ap-search-inner no-overflow\">\n\t\t<input name=\"s\" type=\"text\" class=\"ap-search-input ap-form-input\" placeholder=\"Fragen suchen...\" value=\"\" \/>\n\t\t<input type=\"hidden\" name=\"post_type\" value=\"question\" \/>\n\t<\/div>\n<input type=\"hidden\" name=\"trp-form-language\" value=\"de\"\/><\/form>\n\t<form id=\"ap-filters\" class=\"ap-filters clearfix\" method=\"GET\" action=\"\"><div class=\"ap-dropdown ap-filter filter-order_by\"><a class=\"ap-dropdown-toggle ap-filter-toggle\" href=\"#\" ap-filter apquery=\"{&quot;__nonce&quot;:&quot;131acfe498&quot;,&quot;filter&quot;:&quot;order_by&quot;}\">Bestellung bis: <span class=\"ap-filter-active\">Aktiv<\/span><\/a><\/div><button id=\"ap-filter-reset\" type=\"submit\" name=\"reset-filter\" title=\"Sortierung und Filterung zur\u00fccksetzen\"><i class=\"apicon-x\"><\/i><span>Filter l\u00f6schen<\/span><\/button><input type=\"hidden\" value=\"active\" name=\"order_by\" \/><input type=\"hidden\" name=\"trp-form-language\" value=\"de\"\/><\/form><\/div>\n\n\n\n\n\t<p class=\"ap-no-questions\">\n\t\tEs gibt keine Fragen, die zu Ihrer Anfrage passen, oder Sie haben nicht die Erlaubnis, sie zu lesen.\t<\/p>\n\n\t\n\t<div class=\"ap-login\">\n\t\t\n\t\t<div class=\"ap-login-buttons\">\n\t\t\t\n\t\t\t<a href=\"https:\/\/specialistidelcuore.it\/wp-login.php?redirect_to=https%3A%2F%2Fspecialistidelcuore.it%2Fde%2Fforum%2F\">Anmeldung<\/a>\n\t\t<\/div>\n\t<\/div>\n\n\t<\/div>\n\n\t\n<\/div>\n<\/div><\/div>\n\t\t\t\t<\/div>\n\t\t\t\t<\/div>\n\t\t\t\t\t<\/div>\n\t\t<\/div>\n\t\t\t\t\t<\/div>\n\t\t<\/section>\n\t\t\t\t<section class=\"elementor-section elementor-top-section elementor-element elementor-element-0ccd9a3 elementor-section-boxed elementor-section-height-default elementor-section-height-default\" data-id=\"0ccd9a3\" data-element_type=\"section\" data-settings=\"{&quot;background_background&quot;:&quot;classic&quot;}\">\n\t\t\t\t\t\t<div class=\"elementor-container elementor-column-gap-default\">\n\t\t\t\t\t<div class=\"elementor-column elementor-col-33 elementor-top-column elementor-element elementor-element-c88bae6\" data-id=\"c88bae6\" data-element_type=\"column\">\n\t\t\t<div class=\"elementor-widget-wrap elementor-element-populated\">\n\t\t\t\t\t\t<section class=\"elementor-section elementor-inner-section elementor-element elementor-element-1125d09 elementor-section-height-min-height elementor-section-boxed elementor-section-height-default\" data-id=\"1125d09\" data-element_type=\"section\" data-settings=\"{&quot;background_background&quot;:&quot;classic&quot;}\">\n\t\t\t\t\t\t<div class=\"elementor-container elementor-column-gap-default\">\n\t\t\t\t\t<div class=\"elementor-column elementor-col-100 elementor-inner-column elementor-element elementor-element-0d0795c\" data-id=\"0d0795c\" data-element_type=\"column\">\n\t\t\t<div class=\"elementor-widget-wrap elementor-element-populated\">\n\t\t\t\t\t\t<div class=\"elementor-element elementor-element-9a45a80 elementor-widget elementor-widget-heading\" data-id=\"9a45a80\" data-element_type=\"widget\" data-widget_type=\"heading.default\">\n\t\t\t\t<div class=\"elementor-widget-container\">\n\t\t\t<h3 class=\"elementor-heading-title elementor-size-default\">Stellen Sie eine Frage und erhalten Sie kostenlos eine Antwort<\/h3>\t\t<\/div>\n\t\t\t\t<\/div>\n\t\t\t\t<div class=\"elementor-element elementor-element-db5d1ec elementor-widget elementor-widget-text-editor\" data-id=\"db5d1ec\" data-element_type=\"widget\" data-widget_type=\"text-editor.default\">\n\t\t\t\t<div class=\"elementor-widget-container\">\n\t\t\t<style>\/*! elementor - v3.23.0 - 15-07-2024 *\/\n.elementor-widget-text-editor.elementor-drop-cap-view-stacked .elementor-drop-cap{background-color:#69727d;color:#fff}.elementor-widget-text-editor.elementor-drop-cap-view-framed .elementor-drop-cap{color:#69727d;border:3px solid;background-color:transparent}.elementor-widget-text-editor:not(.elementor-drop-cap-view-default) .elementor-drop-cap{margin-top:8px}.elementor-widget-text-editor:not(.elementor-drop-cap-view-default) .elementor-drop-cap-letter{width:1em;height:1em}.elementor-widget-text-editor .elementor-drop-cap{float:left;text-align:center;line-height:1;font-size:50px}.elementor-widget-text-editor .elementor-drop-cap-letter{display:inline-block}<\/style>\t\t\t\t<p>Haben Sie eine kurze Frage an einen Spezialisten?<\/p><p>Registrieren Sie sich und unsere Spezialisten werden Ihnen kostenlos antworten, sobald sie verf\u00fcgbar sind. Sie k\u00f6nnen einen Spitznamen w\u00e4hlen, wenn Sie nicht m\u00f6chten, dass Ihr Name f\u00fcr alle sichtbar ist. Ihre Fragen und Antworten sind f\u00fcr alle Patienten sichtbar.<\/p>\t\t\t\t\t\t<\/div>\n\t\t\t\t<\/div>\n\t\t\t\t<div class=\"elementor-element elementor-element-a60e332 elementor-align-justify elementor-mobile-align-left elementor-widget-mobile__width-auto elementor-widget elementor-widget-button\" data-id=\"a60e332\" data-element_type=\"widget\" data-widget_type=\"button.default\">\n\t\t\t\t<div class=\"elementor-widget-container\">\n\t\t\t\t\t<div class=\"elementor-button-wrapper\">\n\t\t\t<a class=\"elementor-button elementor-button-link elementor-size-sm\" href=\"https:\/\/specialistidelcuore.it\/de\/domande\/eine-frage-stellen\/\">\n\t\t\t\t\t\t<span class=\"elementor-button-content-wrapper\">\n\t\t\t\t\t\t\t\t\t<span class=\"elementor-button-text\">Eine Frage stellen<\/span>\n\t\t\t\t\t<\/span>\n\t\t\t\t\t<\/a>\n\t\t<\/div>\n\t\t\t\t<\/div>\n\t\t\t\t<\/div>\n\t\t\t\t\t<\/div>\n\t\t<\/div>\n\t\t\t\t\t<\/div>\n\t\t<\/section>\n\t\t\t\t\t<\/div>\n\t\t<\/div>\n\t\t\t\t<div class=\"elementor-column elementor-col-33 elementor-top-column elementor-element elementor-element-4616834\" data-id=\"4616834\" data-element_type=\"column\">\n\t\t\t<div class=\"elementor-widget-wrap elementor-element-populated\">\n\t\t\t\t\t\t<section class=\"elementor-section elementor-inner-section elementor-element elementor-element-0dbbf09 elementor-section-height-min-height elementor-section-boxed elementor-section-height-default\" data-id=\"0dbbf09\" data-element_type=\"section\" data-settings=\"{&quot;background_background&quot;:&quot;classic&quot;}\">\n\t\t\t\t\t\t<div class=\"elementor-container elementor-column-gap-default\">\n\t\t\t\t\t<div class=\"elementor-column elementor-col-100 elementor-inner-column elementor-element elementor-element-2871bf2\" data-id=\"2871bf2\" data-element_type=\"column\">\n\t\t\t<div class=\"elementor-widget-wrap elementor-element-populated\">\n\t\t\t\t\t\t<div class=\"elementor-element elementor-element-d21f9bf elementor-widget elementor-widget-heading\" data-id=\"d21f9bf\" data-element_type=\"widget\" data-widget_type=\"heading.default\">\n\t\t\t\t<div class=\"elementor-widget-container\">\n\t\t\t<h3 class=\"elementor-heading-title elementor-size-default\">Fordern Sie schriftlich \u00e4rztlichen Rat an<\/h3>\t\t<\/div>\n\t\t\t\t<\/div>\n\t\t\t\t<div class=\"elementor-element elementor-element-7791746 elementor-widget elementor-widget-text-editor\" data-id=\"7791746\" data-element_type=\"widget\" data-widget_type=\"text-editor.default\">\n\t\t\t\t<div class=\"elementor-widget-container\">\n\t\t\t\t\t\t\t<p>(Kostenpflichtiger Service nur f\u00fcr Sie). Haben Sie bereits andere Spezialisten konsultiert und w\u00fcnschen weitere Beratung?<\/p><p>Registrieren Sie sich auf der Plattform, Sie k\u00f6nnen Ihre Pr\u00fcfungen mit dem Spezialisten teilen und erhalten innerhalb von 48 Stunden eine schriftliche Stellungnahme, die nur f\u00fcr Sie sichtbar ist.<\/p>\t\t\t\t\t\t<\/div>\n\t\t\t\t<\/div>\n\t\t\t\t<div class=\"elementor-element elementor-element-1ebdb51 elementor-align-justify elementor-mobile-align-left elementor-widget-mobile__width-auto elementor-widget elementor-widget-button\" data-id=\"1ebdb51\" data-element_type=\"widget\" data-widget_type=\"button.default\">\n\t\t\t\t<div class=\"elementor-widget-container\">\n\t\t\t\t\t<div class=\"elementor-button-wrapper\">\n\t\t\t<a class=\"elementor-button elementor-button-link elementor-size-sm\" href=\"https:\/\/hms.specialistidelcuore.it\/patients\/pages\/display\/login\">\n\t\t\t\t\t\t<span class=\"elementor-button-content-wrapper\">\n\t\t\t\t\t\t\t\t\t<span class=\"elementor-button-text\">Registrieren Sie sich auf der Plattform<\/span>\n\t\t\t\t\t<\/span>\n\t\t\t\t\t<\/a>\n\t\t<\/div>\n\t\t\t\t<\/div>\n\t\t\t\t<\/div>\n\t\t\t\t\t<\/div>\n\t\t<\/div>\n\t\t\t\t\t<\/div>\n\t\t<\/section>\n\t\t\t\t\t<\/div>\n\t\t<\/div>\n\t\t\t\t<div class=\"elementor-column elementor-col-33 elementor-top-column elementor-element elementor-element-a363b01\" data-id=\"a363b01\" data-element_type=\"column\">\n\t\t\t<div class=\"elementor-widget-wrap elementor-element-populated\">\n\t\t\t\t\t\t<section class=\"elementor-section elementor-inner-section elementor-element elementor-element-053c5a6 elementor-section-height-min-height elementor-section-boxed elementor-section-height-default\" data-id=\"053c5a6\" data-element_type=\"section\" data-settings=\"{&quot;background_background&quot;:&quot;classic&quot;}\">\n\t\t\t\t\t\t<div class=\"elementor-container elementor-column-gap-default\">\n\t\t\t\t\t<div class=\"elementor-column elementor-col-100 elementor-inner-column elementor-element elementor-element-4d5ec2a\" data-id=\"4d5ec2a\" data-element_type=\"column\">\n\t\t\t<div class=\"elementor-widget-wrap elementor-element-populated\">\n\t\t\t\t\t\t<div class=\"elementor-element elementor-element-e60759b elementor-widget elementor-widget-heading\" data-id=\"e60759b\" data-element_type=\"widget\" data-widget_type=\"heading.default\">\n\t\t\t\t<div class=\"elementor-widget-container\">\n\t\t\t<h3 class=\"elementor-heading-title elementor-size-default\">Buchen Sie online eine Beratung<\/h3>\t\t<\/div>\n\t\t\t\t<\/div>\n\t\t\t\t<div class=\"elementor-element elementor-element-b6c0fdb elementor-widget elementor-widget-text-editor\" data-id=\"b6c0fdb\" data-element_type=\"widget\" data-widget_type=\"text-editor.default\">\n\t\t\t\t<div class=\"elementor-widget-container\">\n\t\t\t\t\t\t\t<p>M\u00f6chten Sie mit einem Spezialisten sprechen?<\/p><p>Registrieren Sie sich auf der Plattform, Sie k\u00f6nnen Ihre Pr\u00fcfungen (falls verf\u00fcgbar) mit dem Spezialisten teilen und sich f\u00fcr eine Online-Beratung verbinden. (Kostenpflichtiger Service nur f\u00fcr Sie)<\/p>\t\t\t\t\t\t<\/div>\n\t\t\t\t<\/div>\n\t\t\t\t<div class=\"elementor-element elementor-element-e8d9dee elementor-align-justify elementor-mobile-align-left elementor-widget-mobile__width-auto elementor-widget elementor-widget-button\" data-id=\"e8d9dee\" data-element_type=\"widget\" data-widget_type=\"button.default\">\n\t\t\t\t<div class=\"elementor-widget-container\">\n\t\t\t\t\t<div class=\"elementor-button-wrapper\">\n\t\t\t<a class=\"elementor-button elementor-button-link elementor-size-sm\" href=\"https:\/\/hms.specialistidelcuore.it\/patients\/pages\/display\/login\">\n\t\t\t\t\t\t<span class=\"elementor-button-content-wrapper\">\n\t\t\t\t\t\t\t\t\t<span class=\"elementor-button-text\">Registrieren Sie sich auf der Plattform<\/span>\n\t\t\t\t\t<\/span>\n\t\t\t\t\t<\/a>\n\t\t<\/div>\n\t\t\t\t<\/div>\n\t\t\t\t<\/div>\n\t\t\t\t\t<\/div>\n\t\t<\/div>\n\t\t\t\t\t<\/div>\n\t\t<\/section>\n\t\t\t\t\t<\/div>\n\t\t<\/div>\n\t\t\t\t\t<\/div>\n\t\t<\/section>\n\t\t\t\t<\/div>","protected":false},"excerpt":{"rendered":"<p>Forum Stellen Sie eine Frage und erhalten Sie eine kostenlose Antwort Haben Sie eine kurze Frage an einen Spezialisten? Registrieren Sie sich und unsere Spezialisten werden Ihnen kostenlos antworten, sobald sie verf\u00fcgbar sind. Sie k\u00f6nnen einen Spitznamen w\u00e4hlen, wenn Sie nicht m\u00f6chten, dass Ihr Name f\u00fcr alle sichtbar ist. Ihre Frage und Ihre Antworten werden f\u00fcr alle sichtbar sein...<\/p>","protected":false},"author":1,"featured_media":0,"parent":0,"menu_order":0,"comment_status":"closed","ping_status":"closed","template":"","meta":{"footnotes":""},"_links":{"self":[{"href":"https:\/\/specialistidelcuore.it\/de\/wp-json\/wp\/v2\/pages\/988653"}],"collection":[{"href":"https:\/\/specialistidelcuore.it\/de\/wp-json\/wp\/v2\/pages"}],"about":[{"href":"https:\/\/specialistidelcuore.it\/de\/wp-json\/wp\/v2\/types\/page"}],"author":[{"embeddable":true,"href":"https:\/\/specialistidelcuore.it\/de\/wp-json\/wp\/v2\/users\/1"}],"replies":[{"embeddable":true,"href":"https:\/\/specialistidelcuore.it\/de\/wp-json\/wp\/v2\/comments?post=988653"}],"version-history":[{"count":88,"href":"https:\/\/specialistidelcuore.it\/de\/wp-json\/wp\/v2\/pages\/988653\/revisions"}],"predecessor-version":[{"id":991790,"href":"https:\/\/specialistidelcuore.it\/de\/wp-json\/wp\/v2\/pages\/988653\/revisions\/991790"}],"wp:attachment":[{"href":"https:\/\/specialistidelcuore.it\/de\/wp-json\/wp\/v2\/media?parent=988653"}],"curies":[{"name":"wp","href":"https:\/\/api.w.org\/{rel}","templated":true}]}}