{"id":988200,"date":"2023-05-02T10:25:08","date_gmt":"2023-05-02T08:25:08","guid":{"rendered":"https:\/\/specialistidelcuore.it\/?page_id=988200"},"modified":"2024-04-02T17:13:52","modified_gmt":"2024-04-02T15:13:52","slug":"privacy-policy","status":"publish","type":"page","link":"https:\/\/specialistidelcuore.it\/es\/politica-de-privacidad\/","title":{"rendered":"pol\u00edtica de privacidad"},"content":{"rendered":"<div data-elementor-type=\"wp-page\" data-elementor-id=\"988200\" class=\"elementor elementor-988200\" data-elementor-post-type=\"page\">\n\t\t\t\t\t\t<section class=\"elementor-section elementor-top-section elementor-element elementor-element-44f0358b elementor-section-boxed elementor-section-height-default elementor-section-height-default\" data-id=\"44f0358b\" data-element_type=\"section\">\n\t\t\t\t\t\t<div class=\"elementor-container elementor-column-gap-default\">\n\t\t\t\t\t<div class=\"elementor-column elementor-col-100 elementor-top-column elementor-element elementor-element-6e63a0de\" data-id=\"6e63a0de\" data-element_type=\"column\">\n\t\t\t<div class=\"elementor-widget-wrap elementor-element-populated\">\n\t\t\t\t\t\t<div class=\"elementor-element elementor-element-3127f803 elementor-widget elementor-widget-text-editor\" data-id=\"3127f803\" data-element_type=\"widget\" data-widget_type=\"text-editor.default\">\n\t\t\t\t<div class=\"elementor-widget-container\">\n\t\t\t<style>\/*! elementor - v3.23.0 - 15-07-2024 *\/\n.elementor-widget-text-editor.elementor-drop-cap-view-stacked .elementor-drop-cap{background-color:#69727d;color:#fff}.elementor-widget-text-editor.elementor-drop-cap-view-framed .elementor-drop-cap{color:#69727d;border:3px solid;background-color:transparent}.elementor-widget-text-editor:not(.elementor-drop-cap-view-default) .elementor-drop-cap{margin-top:8px}.elementor-widget-text-editor:not(.elementor-drop-cap-view-default) .elementor-drop-cap-letter{width:1em;height:1em}.elementor-widget-text-editor .elementor-drop-cap{float:left;text-align:center;line-height:1;font-size:50px}.elementor-widget-text-editor .elementor-drop-cap-letter{display:inline-block}<\/style>\t\t\t\t<p>REGLAMENTO (UE) 679\/2016<\/p><p>De conformidad con el Reglamento (UE) 679\/2016, esta p\u00e1gina describe los m\u00e9todos de procesamiento de los datos personales de los usuarios que consultan el sitio web LifeCare Srl, SB-SUI accesible electr\u00f3nicamente en la siguiente direcci\u00f3n:<\/p><p><a href=\"https:\/\/specialistidelcuore.it\/es\/\">https:\/\/specialistidelcuore.it<\/a><\/p><p>Tras la consulta del sitio indicado anteriormente, se podr\u00e1n tratar datos relativos a personas f\u00edsicas identificadas o identificables.<\/p><h2>PROPIETARIO Y OTRAS PARTES RESPONSABLES<\/h2><p><strong>a) Responsable del tratamiento: LifeCare Srl, SB-SUICF\/N\u00famero de IVA: 12828050968<\/strong><\/p><p><em>\u27a2 Domicilio social: Via Mario Pagano 63 \u2013 20121 MIL\u00c1N<\/em><br \/><em>\u27a2 Tel: 3459160106<\/em><br \/><em>\u27a2 Correo electr\u00f3nico\/PEC: info@lifecare.cloud; <a href=\"mailto:lifecare@pec.lifecare.cloud\">lifecare@pec.lifecare.cloud<\/a><\/em><\/p><h2>TIPO DE DATOS TRATADOS<\/h2><p>b) <strong>Datos de navegaci\u00f3n:<\/strong> Los sistemas inform\u00e1ticos y los procedimientos de software utilizados para operar el sitio web pueden adquirir, durante su normal funcionamiento, algunos datos personales. se trata de<br \/>informaci\u00f3n que no se recopila para ser asociada con interesados identificados, pero que por su propia naturaleza podr\u00eda, mediante el procesamiento y la asociaci\u00f3n con datos en poder de terceros, permitir la identificaci\u00f3n de los usuarios (por ejemplo, direcciones IP u otros par\u00e1metros relacionados con el sistema operativo y entorno de TI del usuario). Estos datos se utilizan con el \u00fanico fin de obtener informaci\u00f3n estad\u00edstica an\u00f3nima sobre el uso del sitio y comprobar su correcto funcionamiento. Los datos podr\u00edan utilizarse para determinar la responsabilidad en caso de hipot\u00e9ticos delitos inform\u00e1ticos contra el sitio;<br \/>do) <strong>Datos proporcionados voluntariamente por el usuario<\/strong>: el env\u00edo opcional, expl\u00edcito y voluntario de correo electr\u00f3nico a las direcciones indicadas en este sitio implica la adquisici\u00f3n posterior de la direcci\u00f3n del remitente,<br \/>necesarios para responder a las solicitudes, as\u00ed como cualquier otro dato personal. Informaci\u00f3n resumida espec\u00edfica est\u00e1 presente en las p\u00e1ginas del sitio preparadas para servicios particulares a pedido (los formularios, para solicitar informaci\u00f3n detallada sobre productos\/servicios);<br \/>d) <strong>Datos relativos al estado de salud.<\/strong>: para aprovechar los servicios disponibles en la plataforma a la que se puede acceder en la direcci\u00f3n <a href=\"https:\/\/specialistidelcuore.it\/es\/\">www.specialistidelcuore.it<\/a>, se requiere el consentimiento previo para el tratamiento de dichos datos.<br \/>Este consentimiento cumple con el art\u00edculo 9.2(a) del Reglamento Europeo 2016\/679 (GDPR) y puede ser revocado.<br \/>e) en cualquier momento, en cuyo caso la plataforma ya no podr\u00e1 proporcionar los servicios para los cuales es necesario compartir dichos datos.<br \/>F) <strong>Galletas<\/strong>: las cookies son peque\u00f1os fragmentos de texto (letras y\/o n\u00fameros) que permiten al servidor web almacenar informaci\u00f3n sobre el cliente (el navegador) para ser reutilizada durante la misma visita al sitio (cookies de sesi\u00f3n) o posteriormente, incluso remotamente de d\u00edas (cookies persistentes). Las cookies son almacenadas, seg\u00fan las preferencias del usuario, por el navegador individual en el dispositivo espec\u00edfico utilizado (ordenador, tableta, tel\u00e9fono inteligente). Este sitio web utiliza cookies para que sus servicios sean simples y eficientes para los usuarios que visitan las p\u00e1ginas de www.specialistidelcuore.it;<\/p><h2>TIPOS DE COOKIES<\/h2><p>gramo) <strong>Cookies t\u00e9cnicas, estrictamente necesarias<\/strong>: esenciales para el correcto funcionamiento del sitio y se utilizan para gestionar el inicio de sesi\u00f3n y el acceso a las funciones reservadas del sitio;<br \/>h) <strong>Cookies de an\u00e1lisis y rendimiento<\/strong>: se utiliza para recopilar y analizar el tr\u00e1fico y el uso del sitio de forma an\u00f3nima. Estas cookies, sin identificar al usuario, permiten, por ejemplo, detectar si un mismo usuario vuelve a conectarse en momentos diferentes. Tambi\u00e9n le permiten monitorear el sistema y mejorar su rendimiento y usabilidad. La desactivaci\u00f3n de estas cookies se puede realizar sin p\u00e9rdida de funcionalidad;<br \/>el) <strong>Cookies de perfilado<\/strong>: cookies permanentes utilizadas para identificar (de forma an\u00f3nima o no) las preferencias del usuario y mejorar su experiencia de navegaci\u00f3n. el sitio <a href=\"https:\/\/specialistidelcuore.it\/es\/\">www.specialistidelcuore.it<\/a> utiliza cookies de este tipo;<br \/>j) <strong>Cookies de terceros<\/strong>: al visitar un sitio web, puede recibir cookies tanto del sitio visitado (\u201cpropietarios\u201d) como de sitios administrados por otras organizaciones (\u201cterceros\u201d). el sitio <a href=\"https:\/\/specialistidelcuore.it\/es\/\">www.specialistidelcuore.it<\/a> tambi\u00e9n incluye ciertos componentes transmitidos por Google Analytics, un servicio de an\u00e1lisis de tr\u00e1fico web proporcionado por Google Inc. (&quot;Google&quot;). Tambi\u00e9n en este caso se trata de cookies de terceros recopiladas y gestionadas de forma an\u00f3nima para controlar y mejorar el rendimiento del sitio anfitri\u00f3n (cookie de rendimiento).<br \/>k) <strong>Google Analytics<\/strong>: utiliza cookies para recopilar y analizar de forma an\u00f3nima informaci\u00f3n sobre el comportamiento de uso del sitio <a href=\"https:\/\/specialistidelcuore.it\/es\/\">www.specialistidelcuore.it<\/a> (incluida su direcci\u00f3n IP). Esta informaci\u00f3n es recogida por Google Analytics, que la procesa con la finalidad de elaborar informes sobre la actividad de los propios sitios web. Este sitio utiliza (o permite que terceros utilicen) la herramienta de an\u00e1lisis de Google para monitorear o recopilar informaci\u00f3n de identificaci\u00f3n personal. Google no asocia la direcci\u00f3n IP con ning\u00fan otro dato que posea Google ni intenta vincular una direcci\u00f3n IP con la identidad de un usuario. Google tambi\u00e9n podr\u00e1 comunicar esta informaci\u00f3n a terceros cuando as\u00ed se lo requiera la ley o cuando dichos terceros procesen la informaci\u00f3n antes mencionada por cuenta de Google.<\/p><h2>GESTI\u00d3N DE COOKIES<\/h2><p>el) <strong>Atenci\u00f3n<\/strong>: el usuario puede decidir si acepta o no las cookies mediante la configuraci\u00f3n de su navegador:<\/p><p>\u2192 la desactivaci\u00f3n total o parcial de las cookies t\u00e9cnicas puede comprometer el uso de las funciones del sitio reservadas a los usuarios registrados. Por el contrario, la usabilidad de los contenidos p\u00fablicos tambi\u00e9n es posible desactivando completamente las cookies.<br \/>\u2192 La desactivaci\u00f3n de las cookies de terceros no afecta en ning\u00fan caso a la navegabilidad.<\/p><p>La configuraci\u00f3n se puede definir espec\u00edficamente para diferentes sitios web y aplicaciones web. Adem\u00e1s, los mejores navegadores permiten definir diferentes configuraciones para las cookies &quot;propietarias&quot; y las cookies de &quot;terceros&quot;.<\/p><h2>FINALIDAD Y M\u00c9TODOS DEL TRATAMIENTO DE DATOS<\/h2><p>metro) <strong>Objetivo<\/strong>: adquisici\u00f3n de datos de navegaci\u00f3n;<br \/>norte) <strong>Modo<\/strong>: los datos personales se procesan con herramientas automatizadas durante el tiempo estrictamente necesario para lograr los fines para los que fueron recopilados. LifeCare Srl, SB-SUI garantiza que los datos personales de los usuarios se conservan y controlan con la adopci\u00f3n de medidas de seguridad adecuadas y preventivas, de modo que se minimice el riesgo de destrucci\u00f3n o p\u00e9rdida, incluso accidental, de los propios datos, de un acceso o tratamiento no autorizados. no permitido o no cumple con los fines de recolecci\u00f3n indicados en la informaci\u00f3n. Sin embargo, LifeCare Srl, SB-SUI declina toda responsabilidad en el caso de que dicha destrucci\u00f3n o p\u00e9rdida de datos, o el acceso no autorizado a los mismos, dependa del equipo utilizado por los usuarios o cuando no sea imputable a su propia responsabilidad. Por lo tanto, los usuarios deben asegurarse, entre otras cosas, de que su ordenador y su proveedor de Internet utilicen sistemas de software adecuados y actualizados para la protecci\u00f3n de la transmisi\u00f3n electr\u00f3nica de datos (por ejemplo: antivirus, firewall, filtros antispam);<\/p><h2>BASE JUR\u00cdDICA<\/h2><p>o) <strong>Origen del tratamiento<\/strong>: consentimiento del usuario, mediante el uso o consulta del sitio;<br \/>pag) <strong>Consecuencias de una posible negativa<\/strong>: no proporcionarlos puede imposibilitar la obtenci\u00f3n de lo solicitado;<br \/>q) <strong>Disposici\u00f3n opcional<\/strong>: adem\u00e1s de lo especificado para los datos de navegaci\u00f3n, el usuario es libre de proporcionar los datos personales contenidos en los formularios de solicitud de material informativo u otras comunicaciones;<\/p><h2>CATEGOR\u00cdAS DE DESTINATARIOS<\/h2><p>r) <strong>Responsables y responsables de la organizaci\u00f3n responsable del tratamiento<\/strong>: el tratamiento relacionado con los servicios web de este sitio tiene lugar en la oficina antes mencionada y es realizado \u00fanicamente por el personal encargado del tratamiento. No se comunican ni difunden datos a terceros;<br \/>s) <strong>Sujetos o categor\u00edas de sujetos a quienes los datos podr\u00e1n ser comunicados o difundidos<\/strong>: los datos podr\u00e1n ser comunicados a instituciones, autoridades, profesionales, colaboradores externos, para la prestaci\u00f3n de servicios comerciales, profesionales y t\u00e9cnicos funcionales a la gesti\u00f3n del Sitio y la consecuci\u00f3n de las finalidades indicadas a continuaci\u00f3n. Los Datos personales tambi\u00e9n pueden comunicarse a cualquier persona que sea un destinatario leg\u00edtimo de comunicaciones de conformidad con la ley o la normativa, por ejemplo, en caso de procedimientos judiciales, solicitudes de tribunales y autoridades competentes o en relaci\u00f3n con otras obligaciones legales.<\/p><h2>PERIODO DE ALMACENAMIENTO<\/h2><p>t) <strong>Tiempo de retenci\u00f3n de datos<\/strong>: La informaci\u00f3n proporcionada directamente por los usuarios se conserva \u00fanicamente durante el tiempo necesario para llevar a cabo las finalidades perseguidas en cada momento, o se eliminan una vez completadas las solicitudes de informaci\u00f3n o servicios, a menos que sea necesario continuar tratando datos personales del usuario a ra\u00edz de solicitudes adicionales (por ejemplo, tras la estipulaci\u00f3n de un contrato) o que la conservaci\u00f3n de datos es requerida por obligaciones legales. Cabe se\u00f1alar que los sistemas de informaci\u00f3n utilizados para gestionar la informaci\u00f3n recogida est\u00e1n configurados, desde el primer momento, de forma que se minimice el uso de datos.<\/p><h2>DERECHOS DEL INTERESADO<\/h2><p>tu) <strong>Derechos de usuario<\/strong>: De conformidad con el Reglamento de Privacidad (art\u00edculos 11 y 12), los usuarios del Sitio tienen derecho en cualquier momento a obtener confirmaci\u00f3n de la existencia o no de los mismos datos y a conocer su contenido y origen, verificar su exactitud o solicitar su integraci\u00f3n o actualizaci\u00f3n, o rectificaci\u00f3n. Los usuarios tienen derecho a solicitar y obtener la cancelaci\u00f3n, transformaci\u00f3n en forma an\u00f3nima o bloqueo de los datos tratados en violaci\u00f3n de la ley, la portabilidad de sus datos, o la transferencia de los mismos a un tercero identificado por el propio usuario. Adem\u00e1s, los usuarios siempre tienen derecho a oponerse, total o parcialmente, por motivos leg\u00edtimos, al tratamiento de sus datos personales, incluso si son pertinentes para la finalidad para la que fueron recogidos, al tratamiento de sus datos personales con la finalidad de env\u00edo de material publicitario o de venta directa o para la realizaci\u00f3n de estudios de mercado o comunicaci\u00f3n comercial.<\/p><p>Las solicitudes deben dirigirse al Responsable del tratamiento: <strong>LifeCare Srl, SB-SUI <\/strong><\/p><p>Los usuarios tambi\u00e9n pueden presentar una queja ante la autoridad de control (Garante de Protecci\u00f3n de Datos Personales).<\/p><h2>REDES SOCIALES<\/h2><p>v) Cada Usuario tiene la posibilidad de hacer clic en los iconos dedicados a las redes sociales Twitter, Facebook, Linkedin, Youtube e Instagram presentes en el sitio. Al hacer clic en estos iconos el Usuario es redirigido a sitios web externos.<\/p><p>Las redes sociales ayudan a mejorar la facilidad de uso del sitio y ayudan a promocionarlo compartiendo.<br \/>Los servicios para compartir videos le permiten enriquecer el sitio con contenido de video y aumentar su visibilidad. Cuando el Usuario hace clic en estos iconos, <strong>LifeCare Srl, SB-SUI <\/strong> no recoge ni trata datos relativos al Usuario ni los compartidos por el Usuario a trav\u00e9s de Twitter, Facebook, Linkedin, Youtube e Instagram. Estos son s\u00f3lo enlaces que devuelven al Usuario a la red social cuando hace clic en los iconos. Cuando el Usuario es dirigido a redes sociales, las interacciones del Usuario y la informaci\u00f3n recopilada por las redes sociales est\u00e1n sujetas a la configuraci\u00f3n de privacidad definida por el Usuario con cada red social.<\/p><h2>PUBLICIDAD EN REDES SOCIALES<\/h2><p>w) <strong>LifeCare Srl, SB-SUI\u00a0<\/strong> muestra publicidad dirigida en redes sociales a trav\u00e9s de programas ofrecidos por Meta (Facebook e Instagram), Linkedin y TikTok. <strong>LifeCare Srl, SB-SUI\u00a0<\/strong> utiliza campa\u00f1as de generaci\u00f3n de leads a trav\u00e9s de las cuales la red social muestra publicidad y formularios de recopilaci\u00f3n de datos a los usuarios de la red social insertando los segmentos de perfil definidos por las redes sociales y que <strong>LifeCare Srl, SB-SUI <\/strong>decide seleccionar. No se transfieren datos de <strong>LifeCare Srl, SB-SUI <\/strong> a las redes sociales, los datos utilizados son los compartidos por los miembros de las redes sociales a dichas redes sociales.<\/p><p>Esta Pol\u00edtica de Privacidad se aplica exclusivamente al Sitio en cuesti\u00f3n.<\/p><p>El Sitio puede contener enlaces a otros sitios web con los que es posible que no tenga conexi\u00f3n <strong>LifeCare Srl, SB-SUI <\/strong>que no se hace responsable del contenido y de las normas adoptadas, tambi\u00e9n en materia de privacidad, por los diferentes sitios web a trav\u00e9s de enlaces o banners. El Sitio puede proporcionar enlaces a estos sitios \u00fanicamente para facilitar al usuario su navegaci\u00f3n. Por lo tanto, le recomendamos que preste atenci\u00f3n al conectarse a los enlaces del Sitio y lea atentamente las condiciones de uso y las normas de privacidad pertinentes.<\/p>\t\t\t\t\t\t<\/div>\n\t\t\t\t<\/div>\n\t\t\t\t\t<\/div>\n\t\t<\/div>\n\t\t\t\t\t<\/div>\n\t\t<\/section>\n\t\t\t\t<\/div>","protected":false},"excerpt":{"rendered":"<p>REGLAMENTO (UE) 679\/2016 De conformidad con el Reglamento (UE) 679\/2016, en esta p\u00e1gina se describen las modalidades de tratamiento de los datos personales de los usuarios que consulten el sitio web de LifeCare S.r.l., S.B.-S.U.I. accesible por v\u00eda telem\u00e1tica en la siguiente direcci\u00f3n: https:\/\/specialistidelcuore.it Tras la consulta del sitio web mencionado, los datos relativos a las personas f\u00edsicas identificadas podr\u00e1n ser objeto de tratamiento....<\/p>","protected":false},"author":1,"featured_media":0,"parent":0,"menu_order":0,"comment_status":"closed","ping_status":"closed","template":"","meta":{"footnotes":""},"_links":{"self":[{"href":"https:\/\/specialistidelcuore.it\/es\/wp-json\/wp\/v2\/pages\/988200"}],"collection":[{"href":"https:\/\/specialistidelcuore.it\/es\/wp-json\/wp\/v2\/pages"}],"about":[{"href":"https:\/\/specialistidelcuore.it\/es\/wp-json\/wp\/v2\/types\/page"}],"author":[{"embeddable":true,"href":"https:\/\/specialistidelcuore.it\/es\/wp-json\/wp\/v2\/users\/1"}],"replies":[{"embeddable":true,"href":"https:\/\/specialistidelcuore.it\/es\/wp-json\/wp\/v2\/comments?post=988200"}],"version-history":[{"count":43,"href":"https:\/\/specialistidelcuore.it\/es\/wp-json\/wp\/v2\/pages\/988200\/revisions"}],"predecessor-version":[{"id":991777,"href":"https:\/\/specialistidelcuore.it\/es\/wp-json\/wp\/v2\/pages\/988200\/revisions\/991777"}],"wp:attachment":[{"href":"https:\/\/specialistidelcuore.it\/es\/wp-json\/wp\/v2\/media?parent=988200"}],"curies":[{"name":"wp","href":"https:\/\/api.w.org\/{rel}","templated":true}]}}