{"id":988653,"date":"2023-05-04T10:13:16","date_gmt":"2023-05-04T08:13:16","guid":{"rendered":"https:\/\/specialistidelcuore.it\/?page_id=988653"},"modified":"2024-04-05T09:26:38","modified_gmt":"2024-04-05T07:26:38","slug":"forum","status":"publish","type":"page","link":"https:\/\/specialistidelcuore.it\/es\/foro\/","title":{"rendered":"Foros"},"content":{"rendered":"<div data-elementor-type=\"wp-page\" data-elementor-id=\"988653\" class=\"elementor elementor-988653\" data-elementor-post-type=\"page\">\n\t\t\t\t\t\t<section class=\"elementor-section elementor-top-section elementor-element elementor-element-1a453c9 elementor-section-boxed elementor-section-height-default elementor-section-height-default\" data-id=\"1a453c9\" data-element_type=\"section\" data-settings=\"{&quot;background_background&quot;:&quot;classic&quot;}\">\n\t\t\t\t\t\t<div class=\"elementor-container elementor-column-gap-default\">\n\t\t\t\t\t<div class=\"elementor-column elementor-col-100 elementor-top-column elementor-element elementor-element-b92b173\" data-id=\"b92b173\" data-element_type=\"column\">\n\t\t\t<div class=\"elementor-widget-wrap elementor-element-populated\">\n\t\t\t\t\t\t<div class=\"elementor-element elementor-element-cdf53ab elementor-widget elementor-widget-heading\" data-id=\"cdf53ab\" data-element_type=\"widget\" data-widget_type=\"heading.default\">\n\t\t\t\t<div class=\"elementor-widget-container\">\n\t\t\t<style>\/*! elementor - v3.23.0 - 15-07-2024 *\/\n.elementor-heading-title{padding:0;margin:0;line-height:1}.elementor-widget-heading .elementor-heading-title[class*=elementor-size-]>a{color:inherit;font-size:inherit;line-height:inherit}.elementor-widget-heading .elementor-heading-title.elementor-size-small{font-size:15px}.elementor-widget-heading .elementor-heading-title.elementor-size-medium{font-size:19px}.elementor-widget-heading .elementor-heading-title.elementor-size-large{font-size:29px}.elementor-widget-heading .elementor-heading-title.elementor-size-xl{font-size:39px}.elementor-widget-heading .elementor-heading-title.elementor-size-xxl{font-size:59px}<\/style><h1 class=\"elementor-heading-title elementor-size-default\"><span style=\"color:#005e9e\">Foros<\/span><\/h1>\t\t<\/div>\n\t\t\t\t<\/div>\n\t\t\t\t\t<\/div>\n\t\t<\/div>\n\t\t\t\t\t<\/div>\n\t\t<\/section>\n\t\t\t\t<section class=\"elementor-section elementor-top-section elementor-element elementor-element-c338aed elementor-section-boxed elementor-section-height-default elementor-section-height-default\" data-id=\"c338aed\" data-element_type=\"section\">\n\t\t\t\t\t\t<div class=\"elementor-container elementor-column-gap-default\">\n\t\t\t\t\t<div class=\"elementor-column elementor-col-100 elementor-top-column elementor-element elementor-element-a48496c\" data-id=\"a48496c\" data-element_type=\"column\">\n\t\t\t<div class=\"elementor-widget-wrap elementor-element-populated\">\n\t\t\t\t\t\t<div class=\"elementor-element elementor-element-b092fe0 elementor-widget elementor-widget-shortcode\" data-id=\"b092fe0\" data-element_type=\"widget\" data-widget_type=\"shortcode.default\">\n\t\t\t\t<div class=\"elementor-widget-container\">\n\t\t\t\t\t<div class=\"elementor-shortcode\"><div id=\"anspress\" class=\"anspress\">\n\n<div class=\"ap-row\">\n\t<div id=\"ap-lists\" class=\"ap-col-12\">\n\t\t\t\n<div class=\"ap-list-head clearfix\">\n\t<div class=\"pull-right\">\n\t\t<a class=\"ap-btn-ask\" href=\"https:\/\/specialistidelcuore.it\/es\/domande\/hacer-una-pregunta\/\">Pregunta<\/a>\t<\/div>\n\n\t\n<form id=\"ap-search-form\" class=\"ap-search-form\" action=\"https:\/\/specialistidelcuore.it\/es\/\" data-trp-original-action=\"https:\/\/specialistidelcuore.it\/es\/\">\n\t<button class=\"ap-btn ap-search-btn\" type=\"submit\">Buscar en<\/button>\n\t<div class=\"ap-search-inner no-overflow\">\n\t\t<input name=\"s\" type=\"text\" class=\"ap-search-input ap-form-input\" placeholder=\"Buscar preguntas...\" value=\"\" \/>\n\t\t<input type=\"hidden\" name=\"post_type\" value=\"question\" \/>\n\t<\/div>\n<input type=\"hidden\" name=\"trp-form-language\" value=\"es\"\/><\/form>\n\t<form id=\"ap-filters\" class=\"ap-filters clearfix\" method=\"GET\" action=\"\"><div class=\"ap-dropdown ap-filter filter-order_by\"><a class=\"ap-dropdown-toggle ap-filter-toggle\" href=\"#\" ap-filter apquery=\"{&quot;__nonce&quot;:&quot;131acfe498&quot;,&quot;filter&quot;:&quot;order_by&quot;}\">Pedir por: <span class=\"ap-filter-active\">Activo<\/span><\/a><\/div><button id=\"ap-filter-reset\" type=\"submit\" name=\"reset-filter\" title=\"Restablecer la clasificaci\u00f3n y el filtrado\"><i class=\"apicon-x\"><\/i><span>Limpiar filtro<\/span><\/button><input type=\"hidden\" value=\"active\" name=\"order_by\" \/><input type=\"hidden\" name=\"trp-form-language\" value=\"es\"\/><\/form><\/div>\n\n\n\n\n\t<p class=\"ap-no-questions\">\n\t\tNo hay preguntas que coincidan con su consulta o no tiene permiso para leerlas.\t<\/p>\n\n\t\n\t<div class=\"ap-login\">\n\t\t\n\t\t<div class=\"ap-login-buttons\">\n\t\t\t\n\t\t\t<a href=\"https:\/\/specialistidelcuore.it\/wp-login.php?redirect_to=https%3A%2F%2Fspecialistidelcuore.it%2Fes%2Fforo%2F\">Inicio de sesi\u00f3n<\/a>\n\t\t<\/div>\n\t<\/div>\n\n\t<\/div>\n\n\t\n<\/div>\n<\/div><\/div>\n\t\t\t\t<\/div>\n\t\t\t\t<\/div>\n\t\t\t\t\t<\/div>\n\t\t<\/div>\n\t\t\t\t\t<\/div>\n\t\t<\/section>\n\t\t\t\t<section class=\"elementor-section elementor-top-section elementor-element elementor-element-0ccd9a3 elementor-section-boxed elementor-section-height-default elementor-section-height-default\" data-id=\"0ccd9a3\" data-element_type=\"section\" data-settings=\"{&quot;background_background&quot;:&quot;classic&quot;}\">\n\t\t\t\t\t\t<div class=\"elementor-container elementor-column-gap-default\">\n\t\t\t\t\t<div class=\"elementor-column elementor-col-33 elementor-top-column elementor-element elementor-element-c88bae6\" data-id=\"c88bae6\" data-element_type=\"column\">\n\t\t\t<div class=\"elementor-widget-wrap elementor-element-populated\">\n\t\t\t\t\t\t<section class=\"elementor-section elementor-inner-section elementor-element elementor-element-1125d09 elementor-section-height-min-height elementor-section-boxed elementor-section-height-default\" data-id=\"1125d09\" data-element_type=\"section\" data-settings=\"{&quot;background_background&quot;:&quot;classic&quot;}\">\n\t\t\t\t\t\t<div class=\"elementor-container elementor-column-gap-default\">\n\t\t\t\t\t<div class=\"elementor-column elementor-col-100 elementor-inner-column elementor-element elementor-element-0d0795c\" data-id=\"0d0795c\" data-element_type=\"column\">\n\t\t\t<div class=\"elementor-widget-wrap elementor-element-populated\">\n\t\t\t\t\t\t<div class=\"elementor-element elementor-element-9a45a80 elementor-widget elementor-widget-heading\" data-id=\"9a45a80\" data-element_type=\"widget\" data-widget_type=\"heading.default\">\n\t\t\t\t<div class=\"elementor-widget-container\">\n\t\t\t<h3 class=\"elementor-heading-title elementor-size-default\">Haz una pregunta y obt\u00e9n una respuesta gratis<\/h3>\t\t<\/div>\n\t\t\t\t<\/div>\n\t\t\t\t<div class=\"elementor-element elementor-element-db5d1ec elementor-widget elementor-widget-text-editor\" data-id=\"db5d1ec\" data-element_type=\"widget\" data-widget_type=\"text-editor.default\">\n\t\t\t\t<div class=\"elementor-widget-container\">\n\t\t\t<style>\/*! elementor - v3.23.0 - 15-07-2024 *\/\n.elementor-widget-text-editor.elementor-drop-cap-view-stacked .elementor-drop-cap{background-color:#69727d;color:#fff}.elementor-widget-text-editor.elementor-drop-cap-view-framed .elementor-drop-cap{color:#69727d;border:3px solid;background-color:transparent}.elementor-widget-text-editor:not(.elementor-drop-cap-view-default) .elementor-drop-cap{margin-top:8px}.elementor-widget-text-editor:not(.elementor-drop-cap-view-default) .elementor-drop-cap-letter{width:1em;height:1em}.elementor-widget-text-editor .elementor-drop-cap{float:left;text-align:center;line-height:1;font-size:50px}.elementor-widget-text-editor .elementor-drop-cap-letter{display:inline-block}<\/style>\t\t\t\t<p>\u00bfTiene una pregunta r\u00e1pida para hacerle a un especialista?<\/p><p>Reg\u00edstrate y nuestros especialistas te responder\u00e1n gratuitamente en cuanto est\u00e9n disponibles. Puedes elegir un apodo si no quieres que tu nombre sea visible para todos. Su pregunta y respuestas ser\u00e1n visibles para todos los pacientes.<\/p>\t\t\t\t\t\t<\/div>\n\t\t\t\t<\/div>\n\t\t\t\t<div class=\"elementor-element elementor-element-a60e332 elementor-align-justify elementor-mobile-align-left elementor-widget-mobile__width-auto elementor-widget elementor-widget-button\" data-id=\"a60e332\" data-element_type=\"widget\" data-widget_type=\"button.default\">\n\t\t\t\t<div class=\"elementor-widget-container\">\n\t\t\t\t\t<div class=\"elementor-button-wrapper\">\n\t\t\t<a class=\"elementor-button elementor-button-link elementor-size-sm\" href=\"https:\/\/specialistidelcuore.it\/es\/domande\/hacer-una-pregunta\/\">\n\t\t\t\t\t\t<span class=\"elementor-button-content-wrapper\">\n\t\t\t\t\t\t\t\t\t<span class=\"elementor-button-text\">hacer una pregunta<\/span>\n\t\t\t\t\t<\/span>\n\t\t\t\t\t<\/a>\n\t\t<\/div>\n\t\t\t\t<\/div>\n\t\t\t\t<\/div>\n\t\t\t\t\t<\/div>\n\t\t<\/div>\n\t\t\t\t\t<\/div>\n\t\t<\/section>\n\t\t\t\t\t<\/div>\n\t\t<\/div>\n\t\t\t\t<div class=\"elementor-column elementor-col-33 elementor-top-column elementor-element elementor-element-4616834\" data-id=\"4616834\" data-element_type=\"column\">\n\t\t\t<div class=\"elementor-widget-wrap elementor-element-populated\">\n\t\t\t\t\t\t<section class=\"elementor-section elementor-inner-section elementor-element elementor-element-0dbbf09 elementor-section-height-min-height elementor-section-boxed elementor-section-height-default\" data-id=\"0dbbf09\" data-element_type=\"section\" data-settings=\"{&quot;background_background&quot;:&quot;classic&quot;}\">\n\t\t\t\t\t\t<div class=\"elementor-container elementor-column-gap-default\">\n\t\t\t\t\t<div class=\"elementor-column elementor-col-100 elementor-inner-column elementor-element elementor-element-2871bf2\" data-id=\"2871bf2\" data-element_type=\"column\">\n\t\t\t<div class=\"elementor-widget-wrap elementor-element-populated\">\n\t\t\t\t\t\t<div class=\"elementor-element elementor-element-d21f9bf elementor-widget elementor-widget-heading\" data-id=\"d21f9bf\" data-element_type=\"widget\" data-widget_type=\"heading.default\">\n\t\t\t\t<div class=\"elementor-widget-container\">\n\t\t\t<h3 class=\"elementor-heading-title elementor-size-default\">Solicitar consejo m\u00e9dico por escrito.<\/h3>\t\t<\/div>\n\t\t\t\t<\/div>\n\t\t\t\t<div class=\"elementor-element elementor-element-7791746 elementor-widget elementor-widget-text-editor\" data-id=\"7791746\" data-element_type=\"widget\" data-widget_type=\"text-editor.default\">\n\t\t\t\t<div class=\"elementor-widget-container\">\n\t\t\t\t\t\t\t<p>(Servicio pago solo para ti). \u00bfYa has consultado con otros especialistas y quieres m\u00e1s consejos?<\/p><p>Reg\u00edstrate en la plataforma, podr\u00e1s compartir tus ex\u00e1menes con el especialista y recibir una opini\u00f3n escrita dentro de las 48 horas que solo ser\u00e1 visible para ti.<\/p>\t\t\t\t\t\t<\/div>\n\t\t\t\t<\/div>\n\t\t\t\t<div class=\"elementor-element elementor-element-1ebdb51 elementor-align-justify elementor-mobile-align-left elementor-widget-mobile__width-auto elementor-widget elementor-widget-button\" data-id=\"1ebdb51\" data-element_type=\"widget\" data-widget_type=\"button.default\">\n\t\t\t\t<div class=\"elementor-widget-container\">\n\t\t\t\t\t<div class=\"elementor-button-wrapper\">\n\t\t\t<a class=\"elementor-button elementor-button-link elementor-size-sm\" href=\"https:\/\/hms.specialistidelcuore.it\/patients\/pages\/display\/login\">\n\t\t\t\t\t\t<span class=\"elementor-button-content-wrapper\">\n\t\t\t\t\t\t\t\t\t<span class=\"elementor-button-text\">Reg\u00edstrate en la plataforma<\/span>\n\t\t\t\t\t<\/span>\n\t\t\t\t\t<\/a>\n\t\t<\/div>\n\t\t\t\t<\/div>\n\t\t\t\t<\/div>\n\t\t\t\t\t<\/div>\n\t\t<\/div>\n\t\t\t\t\t<\/div>\n\t\t<\/section>\n\t\t\t\t\t<\/div>\n\t\t<\/div>\n\t\t\t\t<div class=\"elementor-column elementor-col-33 elementor-top-column elementor-element elementor-element-a363b01\" data-id=\"a363b01\" data-element_type=\"column\">\n\t\t\t<div class=\"elementor-widget-wrap elementor-element-populated\">\n\t\t\t\t\t\t<section class=\"elementor-section elementor-inner-section elementor-element elementor-element-053c5a6 elementor-section-height-min-height elementor-section-boxed elementor-section-height-default\" data-id=\"053c5a6\" data-element_type=\"section\" data-settings=\"{&quot;background_background&quot;:&quot;classic&quot;}\">\n\t\t\t\t\t\t<div class=\"elementor-container elementor-column-gap-default\">\n\t\t\t\t\t<div class=\"elementor-column elementor-col-100 elementor-inner-column elementor-element elementor-element-4d5ec2a\" data-id=\"4d5ec2a\" data-element_type=\"column\">\n\t\t\t<div class=\"elementor-widget-wrap elementor-element-populated\">\n\t\t\t\t\t\t<div class=\"elementor-element elementor-element-e60759b elementor-widget elementor-widget-heading\" data-id=\"e60759b\" data-element_type=\"widget\" data-widget_type=\"heading.default\">\n\t\t\t\t<div class=\"elementor-widget-container\">\n\t\t\t<h3 class=\"elementor-heading-title elementor-size-default\">Reserve una consulta en l\u00ednea<\/h3>\t\t<\/div>\n\t\t\t\t<\/div>\n\t\t\t\t<div class=\"elementor-element elementor-element-b6c0fdb elementor-widget elementor-widget-text-editor\" data-id=\"b6c0fdb\" data-element_type=\"widget\" data-widget_type=\"text-editor.default\">\n\t\t\t\t<div class=\"elementor-widget-container\">\n\t\t\t\t\t\t\t<p>\u00bfQuieres hablar con un especialista?<\/p><p>Reg\u00edstrate en la plataforma, podr\u00e1s compartir tus ex\u00e1menes (si est\u00e1n disponibles) con el especialista y conectarte para una consulta en l\u00ednea. (Servicio pago solo para ti)<\/p>\t\t\t\t\t\t<\/div>\n\t\t\t\t<\/div>\n\t\t\t\t<div class=\"elementor-element elementor-element-e8d9dee elementor-align-justify elementor-mobile-align-left elementor-widget-mobile__width-auto elementor-widget elementor-widget-button\" data-id=\"e8d9dee\" data-element_type=\"widget\" data-widget_type=\"button.default\">\n\t\t\t\t<div class=\"elementor-widget-container\">\n\t\t\t\t\t<div class=\"elementor-button-wrapper\">\n\t\t\t<a class=\"elementor-button elementor-button-link elementor-size-sm\" href=\"https:\/\/hms.specialistidelcuore.it\/patients\/pages\/display\/login\">\n\t\t\t\t\t\t<span class=\"elementor-button-content-wrapper\">\n\t\t\t\t\t\t\t\t\t<span class=\"elementor-button-text\">Reg\u00edstrate en la plataforma<\/span>\n\t\t\t\t\t<\/span>\n\t\t\t\t\t<\/a>\n\t\t<\/div>\n\t\t\t\t<\/div>\n\t\t\t\t<\/div>\n\t\t\t\t\t<\/div>\n\t\t<\/div>\n\t\t\t\t\t<\/div>\n\t\t<\/section>\n\t\t\t\t\t<\/div>\n\t\t<\/div>\n\t\t\t\t\t<\/div>\n\t\t<\/section>\n\t\t\t\t<\/div>","protected":false},"excerpt":{"rendered":"<p>Foro Haga una pregunta y obtenga una respuesta gratuita \u00bfTiene una pregunta r\u00e1pida que hacer a un especialista? Reg\u00edstrese y nuestros especialistas le responder\u00e1n gratuitamente en cuanto est\u00e9n disponibles. Puedes elegir un apodo si no quieres que tu nombre sea visible para todos. Su pregunta y sus respuestas ser\u00e1n visibles para todos...<\/p>","protected":false},"author":1,"featured_media":0,"parent":0,"menu_order":0,"comment_status":"closed","ping_status":"closed","template":"","meta":{"footnotes":""},"_links":{"self":[{"href":"https:\/\/specialistidelcuore.it\/es\/wp-json\/wp\/v2\/pages\/988653"}],"collection":[{"href":"https:\/\/specialistidelcuore.it\/es\/wp-json\/wp\/v2\/pages"}],"about":[{"href":"https:\/\/specialistidelcuore.it\/es\/wp-json\/wp\/v2\/types\/page"}],"author":[{"embeddable":true,"href":"https:\/\/specialistidelcuore.it\/es\/wp-json\/wp\/v2\/users\/1"}],"replies":[{"embeddable":true,"href":"https:\/\/specialistidelcuore.it\/es\/wp-json\/wp\/v2\/comments?post=988653"}],"version-history":[{"count":88,"href":"https:\/\/specialistidelcuore.it\/es\/wp-json\/wp\/v2\/pages\/988653\/revisions"}],"predecessor-version":[{"id":991790,"href":"https:\/\/specialistidelcuore.it\/es\/wp-json\/wp\/v2\/pages\/988653\/revisions\/991790"}],"wp:attachment":[{"href":"https:\/\/specialistidelcuore.it\/es\/wp-json\/wp\/v2\/media?parent=988653"}],"curies":[{"name":"wp","href":"https:\/\/api.w.org\/{rel}","templated":true}]}}