{"id":988200,"date":"2023-05-02T10:25:08","date_gmt":"2023-05-02T08:25:08","guid":{"rendered":"https:\/\/specialistidelcuore.it\/?page_id=988200"},"modified":"2024-04-02T17:13:52","modified_gmt":"2024-04-02T15:13:52","slug":"privacy-policy","status":"publish","type":"page","link":"https:\/\/specialistidelcuore.it\/fr\/politique-de-confidentialite\/","title":{"rendered":"Politique de confidentialit\u00e9"},"content":{"rendered":"<div data-elementor-type=\"wp-page\" data-elementor-id=\"988200\" class=\"elementor elementor-988200\" data-elementor-post-type=\"page\">\n\t\t\t\t\t\t<section class=\"elementor-section elementor-top-section elementor-element elementor-element-44f0358b elementor-section-boxed elementor-section-height-default elementor-section-height-default\" data-id=\"44f0358b\" data-element_type=\"section\">\n\t\t\t\t\t\t<div class=\"elementor-container elementor-column-gap-default\">\n\t\t\t\t\t<div class=\"elementor-column elementor-col-100 elementor-top-column elementor-element elementor-element-6e63a0de\" data-id=\"6e63a0de\" data-element_type=\"column\">\n\t\t\t<div class=\"elementor-widget-wrap elementor-element-populated\">\n\t\t\t\t\t\t<div class=\"elementor-element elementor-element-3127f803 elementor-widget elementor-widget-text-editor\" data-id=\"3127f803\" data-element_type=\"widget\" data-widget_type=\"text-editor.default\">\n\t\t\t\t<div class=\"elementor-widget-container\">\n\t\t\t<style>\/*! elementor - v3.23.0 - 15-07-2024 *\/\n.elementor-widget-text-editor.elementor-drop-cap-view-stacked .elementor-drop-cap{background-color:#69727d;color:#fff}.elementor-widget-text-editor.elementor-drop-cap-view-framed .elementor-drop-cap{color:#69727d;border:3px solid;background-color:transparent}.elementor-widget-text-editor:not(.elementor-drop-cap-view-default) .elementor-drop-cap{margin-top:8px}.elementor-widget-text-editor:not(.elementor-drop-cap-view-default) .elementor-drop-cap-letter{width:1em;height:1em}.elementor-widget-text-editor .elementor-drop-cap{float:left;text-align:center;line-height:1;font-size:50px}.elementor-widget-text-editor .elementor-drop-cap-letter{display:inline-block}<\/style>\t\t\t\t<p>R\u00c8GLEMENT (UE) 679\/2016<\/p><p>Conform\u00e9ment au R\u00e8glement (UE) 679\/2016, cette page d\u00e9crit les modalit\u00e9s de traitement des donn\u00e9es personnelles des utilisateurs qui consultent le site internet de LifeCare S.r.l., S.B.-S.U.I. accessible par voie \u00e9lectronique \u00e0 l'adresse suivante :<\/p><p><a href=\"https:\/\/specialistidelcuore.it\/fr\/\">https:\/\/specialistidelcuore.it<\/a><\/p><p>Suite \u00e0 la consultation du site susmentionn\u00e9, des donn\u00e9es relatives \u00e0 des personnes physiques identifi\u00e9es ou identifiables peuvent \u00eatre trait\u00e9es.<\/p><h2>PROPRI\u00c9TAIRE ET AUTRES PARTIES RESPONSABLES<\/h2><p><strong>a) Responsable du traitement : LifeCare S.r.l., S.B.-S.U.I. N\u00b0 C.F.\/TVA : 12828050968<\/strong><\/p><p><em>\u27a2 Si\u00e8ge social : Via Mario Pagano 63 - 20121 MILANO<\/em><br \/><em>\u27a2 Tel : 3459160106<\/em><br \/><em>\u27a2 Email\/Pec : info@lifecare.cloud ; <a href=\"mailto:lifecare@pec.lifecare.cloud\">lifecare@pec.lifecare.cloud<\/a><\/em><\/p><h2>TYPE DE DONN\u00c9ES TRAIT\u00c9ES<\/h2><p>b) <strong>Donn\u00e9es de navigation :<\/strong> Les syst\u00e8mes informatiques et les proc\u00e9dures logicielles utilis\u00e9s pour faire fonctionner le site web peuvent acqu\u00e9rir, dans le cadre de leur fonctionnement normal, certaines donn\u00e9es \u00e0 caract\u00e8re personnel. Ces donn\u00e9es sont les suivantes<br \/>les informations qui ne sont pas collect\u00e9es pour \u00eatre associ\u00e9es \u00e0 des personnes int\u00e9ress\u00e9es identifi\u00e9es, mais qui, de par leur nature, pourraient, par le biais du traitement et de l'association avec des donn\u00e9es d\u00e9tenues par des tiers, permettre d'identifier les utilisateurs (par exemple, les adresses IP ou d'autres param\u00e8tres relatifs au syst\u00e8me d'exploitation et \u00e0 l'environnement informatique de l'utilisateur). Ces donn\u00e9es sont utilis\u00e9es dans le seul but d'obtenir des informations statistiques anonymes sur l'utilisation du site et d'en v\u00e9rifier le bon fonctionnement. Les donn\u00e9es pourraient \u00eatre utilis\u00e9es pour d\u00e9terminer les responsabilit\u00e9s en cas d'hypoth\u00e9tiques d\u00e9lits informatiques au d\u00e9triment du site ;<br \/>c) <strong>Donn\u00e9es fournies volontairement par l'utilisateur<\/strong>L'envoi facultatif, explicite et volontaire de courriers \u00e9lectroniques aux adresses indiqu\u00e9es sur ce site entra\u00eene l'acquisition ult\u00e9rieure de l'adresse de l'exp\u00e9diteur,<br \/>n\u00e9cessaires pour r\u00e9pondre aux demandes, ainsi que toute autre donn\u00e9e personnelle. Des informations sp\u00e9cifiques r\u00e9sum\u00e9es peuvent \u00eatre trouv\u00e9es sur les pages du site pr\u00e9vues pour des services particuliers sur demande (formulaires, pour demander des informations d\u00e9taill\u00e9es sur les produits\/services) ;<br \/>d) <strong>Donn\u00e9es sur l'\u00e9tat de sant\u00e9<\/strong>: pour b\u00e9n\u00e9ficier des services disponibles sur la plateforme \u00e0 l'adresse suivante <a href=\"https:\/\/specialistidelcuore.it\/fr\/\">www.specialistidelcuore.it<\/a>le consentement pr\u00e9alable au traitement de ces donn\u00e9es est requis.<br \/>Ce consentement est conforme \u00e0 l'article 9.2(a) du r\u00e8glement europ\u00e9en 2016\/679 (GDPR) et peut \u00eatre r\u00e9voqu\u00e9<br \/>e) \u00e0 tout moment, auquel cas la plateforme ne sera plus en mesure de fournir les services pour lesquels le partage de ces donn\u00e9es est n\u00e9cessaire.<br \/>f) <strong>Cookies<\/strong>Les cookies sont de courts fragments de texte (lettres et\/ou chiffres) qui permettent au serveur web de stocker des informations sur le client (le navigateur) afin de les r\u00e9utiliser lors de la m\u00eame visite sur le site (cookies de session) ou plus tard, m\u00eame plusieurs jours apr\u00e8s (cookies persistants). Les cookies sont stock\u00e9s, selon les pr\u00e9f\u00e9rences de l'utilisateur, par le navigateur individuel sur l'appareil sp\u00e9cifique utilis\u00e9 (ordinateur, tablette, smartphone). Ce site web utilise des cookies pour rendre ses services simples et efficaces pour les utilisateurs qui consultent les pages de www.specialistidelcuore.it ;<\/p><h2>TYPES DE COOKIES<\/h2><p>g) <strong>Cookies techniques, strictement n\u00e9cessaires<\/strong>sont indispensables au bon fonctionnement du site et servent \u00e0 g\u00e9rer la connexion et l'acc\u00e8s aux fonctions r\u00e9serv\u00e9es du site ;<br \/>h) <strong>Cookies de performance et d'analyse<\/strong>Cookies : utilis\u00e9s pour collecter et analyser le trafic et l'utilisation du site sur une base anonyme. Ces cookies, bien qu'ils n'identifient pas l'utilisateur, permettent, par exemple, de d\u00e9tecter si le m\u00eame utilisateur revient se connecter \u00e0 des moments diff\u00e9rents. Ils permettent \u00e9galement de surveiller le syst\u00e8me et d'en am\u00e9liorer les performances et la convivialit\u00e9. Ces cookies peuvent \u00eatre d\u00e9sactiv\u00e9s sans perte de fonctionnalit\u00e9 ;<br \/>i) <strong>Cookies de profilage<\/strong>: cookies permanents utilis\u00e9s pour identifier (de mani\u00e8re anonyme et non anonyme) les pr\u00e9f\u00e9rences de l'utilisateur et am\u00e9liorer son exp\u00e9rience de navigation. Le site <a href=\"https:\/\/specialistidelcuore.it\/fr\/\">www.specialistidelcuore.it<\/a> utilise des cookies de ce type ;<br \/>j) <strong>Cookies de tiers<\/strong>Lorsque vous visitez un site web, vous pouvez recevoir des cookies soit du site que vous visitez (\"propri\u00e9taires\"), soit de sites exploit\u00e9s par d'autres organisations (\"tiers\"). Le site web <a href=\"https:\/\/specialistidelcuore.it\/fr\/\">www.specialistidelcuore.it<\/a> comprend \u00e9galement certains \u00e9l\u00e9ments transmis par Google Analytics, un service d'analyse du trafic Internet fourni par Google Inc. (\"Google\"). L\u00e0 encore, il s'agit de cookies de tiers collect\u00e9s et g\u00e9r\u00e9s de mani\u00e8re anonyme pour surveiller et am\u00e9liorer les performances du site h\u00f4te (cookies de performance).<br \/>k) <strong>Google Analytics<\/strong>Le site Web de la Commission europ\u00e9enne : utilise des cookies pour collecter et analyser de mani\u00e8re anonyme des informations sur le comportement d'utilisation du site. <a href=\"https:\/\/specialistidelcuore.it\/fr\/\">www.specialistidelcuore.it<\/a> (y compris l'adresse IP de l'utilisateur). Ces informations sont collect\u00e9es par Google Analytics, qui les traite dans le but de compiler des rapports sur l'activit\u00e9 du site web. Ce site utilise (ou permet \u00e0 des tiers d'utiliser) l'outil d'analyse de Google pour contr\u00f4ler ou collecter des informations personnelles identifiables. Google n'associe pas l'adresse IP \u00e0 d'autres donn\u00e9es d\u00e9tenues par Google et n'essaie pas non plus d'\u00e9tablir un lien entre l'adresse IP et l'identit\u00e9 de l'utilisateur. Google est susceptible de communiquer ces informations \u00e0 des tiers en cas d'obligation l\u00e9gale ou lorsque ces tiers traitent ces donn\u00e9es pour le compte de Google.<\/p><h2>GESTION DES COOKIES<\/h2><p>l) <strong>Attention<\/strong>Vous pouvez d\u00e9cider d'accepter ou non les cookies en utilisant les param\u00e8tres de votre navigateur :<\/p><p>\u2192 la d\u00e9sactivation totale ou partielle des cookies techniques peut affecter l'utilisation des fonctionnalit\u00e9s du site r\u00e9serv\u00e9es aux utilisateurs enregistr\u00e9s. \u00c0 l'inverse, l'utilisation des contenus publics est \u00e9galement possible en d\u00e9sactivant compl\u00e8tement les cookies.<br \/>\u2192 la d\u00e9sactivation des cookies de tiers n'affecte en rien la navigabilit\u00e9.<\/p><p>Les param\u00e8tres peuvent \u00eatre d\u00e9finis sp\u00e9cifiquement pour diff\u00e9rents sites et applications web. En outre, les meilleurs navigateurs permettent des r\u00e9glages diff\u00e9rents pour les cookies \"propri\u00e9taires\" et \"tiers\".<\/p><h2>OBJECTIFS ET M\u00c9THODES DE TRAITEMENT DES DONN\u00c9ES<\/h2><p>m) <strong>Objectif<\/strong>Acquisition des donn\u00e9es de navigation ;<br \/>n) <strong>Mode<\/strong>Les donn\u00e9es personnelles sont trait\u00e9es par des outils automatis\u00e9s pendant le temps strictement n\u00e9cessaire pour atteindre les objectifs pour lesquels elles ont \u00e9t\u00e9 collect\u00e9es. LifeCare S.r.l., S.B.-S.U.I. garantit que les donn\u00e9es personnelles des utilisateurs sont conserv\u00e9es et contr\u00f4l\u00e9es gr\u00e2ce \u00e0 l'adoption de mesures de s\u00e9curit\u00e9 appropri\u00e9es et pr\u00e9ventives visant \u00e0 minimiser les risques de destruction ou de perte, m\u00eame accidentelle, des donn\u00e9es, d'acc\u00e8s non autoris\u00e9 ou de traitement non autoris\u00e9 ou non conforme aux finalit\u00e9s de la collecte telles qu'indiqu\u00e9es dans la d\u00e9claration. Toutefois, LifeCare S.r.l., S.B.-S.U.I. d\u00e9cline toute responsabilit\u00e9 au cas o\u00f9 la destruction ou la perte des donn\u00e9es, ou l'acc\u00e8s non autoris\u00e9 \u00e0 celles-ci, d\u00e9pendrait de l'\u00e9quipement utilis\u00e9 par les utilisateurs ou ne serait pas imputable \u00e0 sa responsabilit\u00e9. L'utilisateur doit donc s'assurer, entre autres, que son ordinateur et son fournisseur d'acc\u00e8s \u00e0 Internet utilisent des syst\u00e8mes logiciels appropri\u00e9s et \u00e0 jour pour la protection des transmissions t\u00e9l\u00e9matiques de donn\u00e9es (par exemple, antivirus, firewalls, filtres anti-spam) ;<\/p><h2>BASE JURIDIQUE<\/h2><p>o) <strong>Origine du traitement<\/strong>le consentement des utilisateurs, par l'utilisation ou la consultation du site ;<br \/>p) <strong>Cons\u00e9quences d'un refus<\/strong>leur absence peut entra\u00eener l'impossibilit\u00e9 d'obtenir ce qui a \u00e9t\u00e9 demand\u00e9 ;<br \/>q) <strong>Attribution facultative<\/strong>En dehors de ce qui est sp\u00e9cifi\u00e9 pour les donn\u00e9es de navigation, l'utilisateur est libre de fournir des donn\u00e9es personnelles dans les formulaires de demande de mat\u00e9riel d'information ou d'autres communications ;<\/p><h2>CAT\u00c9GORIES DE B\u00c9N\u00c9FICIAIRES<\/h2><p>r) <strong>Personnes charg\u00e9es et responsables du traitement<\/strong>Les traitements li\u00e9s aux services web de ce site ont lieu dans les locaux susmentionn\u00e9s et sont effectu\u00e9s uniquement par le personnel charg\u00e9 du traitement. Aucune donn\u00e9e n'est communiqu\u00e9e \u00e0 des tiers ou diffus\u00e9e ;<br \/>s) <strong>les sujets ou cat\u00e9gories de sujets auxquels les donn\u00e9es peuvent \u00eatre communiqu\u00e9es ou diffus\u00e9es<\/strong>Les donn\u00e9es pourront \u00eatre communiqu\u00e9es \u00e0 des institutions, autorit\u00e9s, professionnels, collaborateurs externes, pour la fourniture de services commerciaux, professionnels et techniques fonctionnels \u00e0 la gestion du Site et \u00e0 la poursuite des finalit\u00e9s indiqu\u00e9es ci-dessous. Les donn\u00e9es personnelles pourront \u00e9galement \u00eatre communiqu\u00e9es \u00e0 toute personne l\u00e9gitimement destinataire des communications en vertu de la loi ou de la r\u00e9glementation, par exemple en cas de proc\u00e9dures judiciaires, de demandes des tribunaux et des autorit\u00e9s comp\u00e9tentes ou en relation avec d'autres obligations l\u00e9gales.<\/p><h2>P\u00c9RIODE DE CONSERVATION<\/h2><p>t) <strong>Dur\u00e9e de conservation des donn\u00e9es<\/strong>Les informations fournies directement par les utilisateurs ne sont conserv\u00e9es que pendant la dur\u00e9e n\u00e9cessaire \u00e0 la r\u00e9alisation des objectifs poursuivis de temps \u00e0 autre, c'est-\u00e0-dire qu'elles sont supprim\u00e9es apr\u00e8s l'ach\u00e8vement des demandes d'informations ou de services, sauf s'il est n\u00e9cessaire de continuer \u00e0 traiter les donn\u00e9es personnelles de l'utilisateur \u00e0 la suite d'autres demandes (par exemple, apr\u00e8s la conclusion d'un contrat) ou si la conservation des donn\u00e9es est exig\u00e9e par la loi. Veuillez noter que les syst\u00e8mes d'information utilis\u00e9s pour g\u00e9rer les informations collect\u00e9es sont configur\u00e9s, d\u00e8s le d\u00e9part, pour minimiser l'utilisation des donn\u00e9es.<\/p><h2>DROITS DE LA PERSONNE CONCERN\u00c9E<\/h2><p>u) <strong>Droits des utilisateurs<\/strong>Conform\u00e9ment au R\u00e8glement sur la protection de la vie priv\u00e9e (articles 11 et 12), les utilisateurs du site ont le droit, \u00e0 tout moment, d'obtenir la confirmation de l'existence ou de l'inexistence de leurs donn\u00e9es et d'en conna\u00eetre le contenu et l'origine, d'en v\u00e9rifier l'exactitude ou de demander qu'elles soient compl\u00e9t\u00e9es ou mises \u00e0 jour, ou rectifi\u00e9es. Les utilisateurs ont le droit de demander et d'obtenir la suppression, la transformation sous forme anonyme ou le blocage des donn\u00e9es trait\u00e9es en violation de la loi, la portabilit\u00e9 de leurs donn\u00e9es ou leur transfert \u00e0 un tiers identifi\u00e9 par l'utilisateur. En outre, les utilisateurs ont toujours le droit de s'opposer, en tout ou en partie, pour des raisons l\u00e9gitimes, au traitement de leurs donn\u00e9es personnelles, m\u00eame si elles sont pertinentes par rapport \u00e0 la finalit\u00e9 pour laquelle elles ont \u00e9t\u00e9 collect\u00e9es, au traitement de leurs donn\u00e9es personnelles \u00e0 des fins d'envoi de mat\u00e9riel publicitaire ou de vente directe ou pour la r\u00e9alisation d'\u00e9tudes de march\u00e9 ou de communication commerciale.<\/p><p>Les demandes doivent \u00eatre adress\u00e9es au contr\u00f4leur des donn\u00e9es : <strong>LifeCare S.r.l., S.B.-S.U.I. <\/strong><\/p><p>Les utilisateurs peuvent \u00e9galement d\u00e9poser une plainte aupr\u00e8s de l'autorit\u00e9 de contr\u00f4le (Autorit\u00e9 de protection des donn\u00e9es).<\/p><h2>R\u00c9SEAU SOCIAL<\/h2><p>v) Chaque Utilisateur a la possibilit\u00e9 de cliquer sur les ic\u00f4nes d\u00e9di\u00e9es aux r\u00e9seaux sociaux Twitter, Facebook, Linkedin, Youtube et Instagram pr\u00e9sentes sur le site. Le fait de cliquer sur ces ic\u00f4nes redirige l'Utilisateur vers des sites internet externes.<\/p><p>Les r\u00e9seaux sociaux am\u00e9liorent la convivialit\u00e9 du site et contribuent \u00e0 sa promotion par le partage.<br \/>Les services de partage de vid\u00e9os permettent d'enrichir le site avec du contenu vid\u00e9o et d'en augmenter la visibilit\u00e9. Lorsque l'utilisateur clique sur ces ic\u00f4nes, <strong>LifeCare S.r.l., S.B.-S.U.I. <\/strong> ne collecte ni ne traite de donn\u00e9es relatives \u00e0 l'Utilisateur ou aux partages effectu\u00e9s par l'Utilisateur via Twitter, Facebook, Linkedin, Youtube et Instagram. Il s'agit uniquement de liens qui renvoient l'Utilisateur vers le r\u00e9seau social lorsqu'il clique sur les ic\u00f4nes. Lorsque l'Utilisateur est dirig\u00e9 vers les r\u00e9seaux sociaux, les interactions de l'Utilisateur avec les r\u00e9seaux sociaux et les informations collect\u00e9es par ces derniers sont soumises aux param\u00e8tres de confidentialit\u00e9 de l'Utilisateur aupr\u00e8s de chaque r\u00e9seau social.<\/p><h2>LA PUBLICIT\u00c9 SUR LES R\u00c9SEAUX SOCIAUX<\/h2><p>w) <strong>LifeCare S.r.l., S.B.-S.U.I.\u00a0<\/strong> affiche de la publicit\u00e9 cibl\u00e9e sur les r\u00e9seaux sociaux gr\u00e2ce aux programmes propos\u00e9s par Meta (Facebook et Instagram) Linkedin et TikTok. <strong>LifeCare S.r.l., S.B.-S.U.I.\u00a0<\/strong> utilise des campagnes de g\u00e9n\u00e9ration de leads dans le cadre desquelles le r\u00e9seau social affiche des publicit\u00e9s et des formulaires de collecte de donn\u00e9es \u00e0 l'intention des utilisateurs du r\u00e9seau social qui entrent dans des segments de profil d\u00e9finis par le r\u00e9seau social et qui <strong>LifeCare S.r.l., S.B.-S.U.I. <\/strong>d\u00e9cide de s\u00e9lectionner. Aucune donn\u00e9e n'est transf\u00e9r\u00e9e de <strong>LifeCare S.r.l., S.B.-S.U.I. <\/strong> vers les r\u00e9seaux sociaux, les donn\u00e9es utilis\u00e9es sont celles partag\u00e9es par les membres des r\u00e9seaux sociaux vers ces r\u00e9seaux sociaux.<\/p><p>La pr\u00e9sente politique de confidentialit\u00e9 s'applique exclusivement au site en question.<\/p><p>Le site peut contenir des liens vers d'autres sites web qui peuvent n'avoir aucun lien avec <strong>LifeCare S.r.l., S.B.-S.U.I. <\/strong>qui ne peut \u00eatre tenu responsable du contenu et des r\u00e8gles adopt\u00e9es, y compris en mati\u00e8re de protection de la vie priv\u00e9e, par d'autres sites Internet via des liens ou des banni\u00e8res. Le Site peut fournir des liens vers ces sites uniquement pour faciliter la navigation de l'utilisateur. Il vous est donc recommand\u00e9 d'\u00eatre attentif lorsque vous vous connectez aux liens sur le Site et de lire attentivement les conditions d'utilisation et les r\u00e8gles relatives \u00e0 la vie priv\u00e9e qui s'y rapportent.<\/p>\t\t\t\t\t\t<\/div>\n\t\t\t\t<\/div>\n\t\t\t\t\t<\/div>\n\t\t<\/div>\n\t\t\t\t\t<\/div>\n\t\t<\/section>\n\t\t\t\t<\/div>","protected":false},"excerpt":{"rendered":"<p>R\u00c8GLEMENT (UE) 679\/2016 Conform\u00e9ment au r\u00e8glement (UE) 679\/2016, cette page d\u00e9crit les modalit\u00e9s de traitement des donn\u00e9es \u00e0 caract\u00e8re personnel des utilisateurs consultant le site internet de LifeCare S.r.l., S.B.-S.U.I. accessible par voie t\u00e9l\u00e9matique \u00e0 l'adresse suivante : https:\/\/specialistidelcuore.it Suite \u00e0 la consultation du site internet susmentionn\u00e9, des donn\u00e9es relatives \u00e0 des personnes physiques identifi\u00e9es peuvent \u00eatre trait\u00e9es....<\/p>","protected":false},"author":1,"featured_media":0,"parent":0,"menu_order":0,"comment_status":"closed","ping_status":"closed","template":"","meta":{"footnotes":""},"_links":{"self":[{"href":"https:\/\/specialistidelcuore.it\/fr\/wp-json\/wp\/v2\/pages\/988200"}],"collection":[{"href":"https:\/\/specialistidelcuore.it\/fr\/wp-json\/wp\/v2\/pages"}],"about":[{"href":"https:\/\/specialistidelcuore.it\/fr\/wp-json\/wp\/v2\/types\/page"}],"author":[{"embeddable":true,"href":"https:\/\/specialistidelcuore.it\/fr\/wp-json\/wp\/v2\/users\/1"}],"replies":[{"embeddable":true,"href":"https:\/\/specialistidelcuore.it\/fr\/wp-json\/wp\/v2\/comments?post=988200"}],"version-history":[{"count":43,"href":"https:\/\/specialistidelcuore.it\/fr\/wp-json\/wp\/v2\/pages\/988200\/revisions"}],"predecessor-version":[{"id":991777,"href":"https:\/\/specialistidelcuore.it\/fr\/wp-json\/wp\/v2\/pages\/988200\/revisions\/991777"}],"wp:attachment":[{"href":"https:\/\/specialistidelcuore.it\/fr\/wp-json\/wp\/v2\/media?parent=988200"}],"curies":[{"name":"wp","href":"https:\/\/api.w.org\/{rel}","templated":true}]}}